{"id":2353,"date":"2025-07-31T10:00:44","date_gmt":"2025-07-31T07:00:44","guid":{"rendered":"https:\/\/zekros.com\/?post_type=product&#038;p=2353"},"modified":"2025-07-31T10:00:44","modified_gmt":"2025-07-31T07:00:44","slug":"rievtech-pr-12ac-r-n","status":"publish","type":"product","link":"https:\/\/zekros.com\/en\/product\/rievtech-pr-12ac-r-n\/","title":{"rendered":"Rievtech PR-12AC-R-N"},"content":{"rendered":"<p data-start=\"97\" data-end=\"138\"><strong data-start=\"97\" data-end=\"116\">8 Dijital Giri\u015f<\/strong><br data-start=\"116\" data-end=\"119\" \/><strong data-start=\"119\" data-end=\"136\">4 R\u00f6le \u00c7\u0131k\u0131\u015f\u0131<\/strong><\/p>\n<ul data-start=\"139\" data-end=\"166\">\n<li data-start=\"139\" data-end=\"166\">\n<p data-start=\"141\" data-end=\"166\">R\u00f6le \u00e7\u0131k\u0131\u015f\u0131: Maksimum 10A<\/p>\n<\/li>\n<\/ul>\n<p data-start=\"168\" data-end=\"183\"><strong data-start=\"168\" data-end=\"181\">LCD Ekran<\/strong><\/p>\n<ul data-start=\"184\" data-end=\"445\">\n<li data-start=\"184\" data-end=\"314\">\n<p data-start=\"186\" data-end=\"314\">Giri\u015f\/\u00c7\u0131k\u0131\u015f durumu, kullan\u0131c\u0131 tan\u0131ml\u0131 mesajlar (64 adede kadar) ile dinamik veriler, FBD program izleme ve kontrol \u00f6zellikleri<\/p>\n<\/li>\n<li data-start=\"315\" data-end=\"385\">\n<p data-start=\"317\" data-end=\"385\">Alarm sayfas\u0131nda kay\u0131t tutar ve tam alarm olu\u015fum zaman\u0131n\u0131 g\u00f6sterir<\/p>\n<\/li>\n<li data-start=\"386\" data-end=\"445\">\n<p data-start=\"388\" data-end=\"445\">Alarm mesajlar\u0131 \u00fczerinden parametreler de\u011fi\u015ftirilebilir<\/p>\n<\/li>\n<\/ul>\n<p data-start=\"447\" data-end=\"463\"><strong data-start=\"447\" data-end=\"461\">Tu\u015f Tak\u0131m\u0131<\/strong><\/p>\n<ul data-start=\"464\" data-end=\"653\">\n<li data-start=\"464\" data-end=\"548\">\n<p data-start=\"466\" data-end=\"548\">Programlanabilir tu\u015flar sayesinde kullan\u0131lan fiziksel buton say\u0131s\u0131 azalt\u0131labilir<\/p>\n<\/li>\n<li data-start=\"549\" data-end=\"653\">\n<p data-start=\"551\" data-end=\"653\">Parametreler, yeni bir program indirmeye gerek kalmadan tu\u015f tak\u0131m\u0131 paneli \u00fczerinden de\u011fi\u015ftirilebilir<\/p>\n<\/li>\n<\/ul>\n<p data-start=\"655\" data-end=\"672\"><strong data-start=\"655\" data-end=\"670\">RS485 Portu<\/strong><\/p>\n<ul data-start=\"673\" data-end=\"836\">\n<li data-start=\"673\" data-end=\"763\">\n<p data-start=\"675\" data-end=\"763\">Galvanik izolasyonlu yerle\u015fik RS485 portu, PLC&#8217;nin Modbus a\u011flar\u0131na ba\u011flanmas\u0131n\u0131 sa\u011flar<\/p>\n<\/li>\n<li data-start=\"764\" data-end=\"836\">\n<p data-start=\"766\" data-end=\"836\">Hem master (ana cihaz) hem de slave (ba\u011fl\u0131 cihaz) olarak \u00e7al\u0131\u015fabilir<\/p>\n<\/li>\n<\/ul>\n<p data-start=\"838\" data-end=\"858\"><strong data-start=\"838\" data-end=\"856\">Ethernet Portu<\/strong><\/p>\n<ul data-start=\"859\" data-end=\"1138\">\n<li data-start=\"859\" data-end=\"1017\">\n<p data-start=\"861\" data-end=\"1017\">Yerle\u015fik Ethernet portu sayesinde PLC&#8217;ye program y\u00fckleme\/indirme, yap\u0131land\u0131rma, yerle\u015fik web sunucusundan faydalanma ve di\u011fer cihazlara ba\u011flant\u0131 m\u00fcmk\u00fcnd\u00fcr<\/p>\n<\/li>\n<li data-start=\"1018\" data-end=\"1138\">\n<p data-start=\"1020\" data-end=\"1138\">PLC ayn\u0131 anda TCP sunucu ve TCP istemci olarak \u00e7al\u0131\u015fabilir; ayr\u0131ca UDP sunucu veya istemci olarak da g\u00f6rev yapabilir<\/p>\n<\/li>\n<\/ul>\n<p data-start=\"1140\" data-end=\"1179\"><strong data-start=\"1140\" data-end=\"1177\">Geni\u015fleme Portu (16 mod\u00fcle kadar)<\/strong><\/p>\n<ul data-start=\"1180\" data-end=\"1317\">\n<li data-start=\"1180\" data-end=\"1317\">\n<p data-start=\"1182\" data-end=\"1317\">Dijital G\/\u00c7, Analog G\/\u00c7 ve haberle\u015fme mod\u00fclleri gibi \u00e7e\u015fitli geni\u015fleme mod\u00fclleriyle ihtiyac\u0131n\u0131za uygun uygulamalar olu\u015fturabilirsiniz<\/p>\n<\/li>\n<\/ul>\n<p data-start=\"1319\" data-end=\"1361\"><strong data-start=\"1319\" data-end=\"1359\">Veri Kayd\u0131 i\u00e7in Micro SD Kart Yuvas\u0131<\/strong><\/p>\n<ul data-start=\"1362\" data-end=\"1522\">\n<li data-start=\"1362\" data-end=\"1522\">\n<p data-start=\"1364\" data-end=\"1522\">Ger\u00e7ek zamanl\u0131 olarak belirlenen proses parametrelerini (ko\u015fullar, de\u011ferler ve bu bilgilerin topland\u0131\u011f\u0131 zaman) toplama i\u015flemi veri kayd\u0131 olarak adland\u0131r\u0131l\u0131r<\/p>\n<\/li>\n<\/ul>\n<p data-start=\"1524\" data-end=\"1551\"><strong data-start=\"1524\" data-end=\"1549\">MQTT Protokol Deste\u011fi<\/strong><\/p>\n<ul data-start=\"1552\" data-end=\"1720\">\n<li data-start=\"1552\" data-end=\"1663\">\n<p data-start=\"1554\" data-end=\"1663\">Donan\u0131m\u0131n Bulut\u2019a ba\u011flanmas\u0131 i\u00e7in genellikle kullan\u0131lan Yay\u0131nla\/Abone Ol (Pub\/Sub) mesajla\u015fma protokol\u00fcd\u00fcr.<\/p>\n<\/li>\n<li data-start=\"1664\" data-end=\"1720\">\n<p data-start=\"1666\" data-end=\"1720\">Art\u0131k ara ge\u00e7it (gateway) cihazlar\u0131na ihtiya\u00e7 yoktur<\/p>\n<\/li>\n<\/ul>","protected":false},"excerpt":{"rendered":"<p>8 Dijital Giri\u015f4 R\u00f6le \u00c7\u0131k\u0131\u015f\u0131 R\u00f6le \u00e7\u0131k\u0131\u015f\u0131: Maksimum 10A LCD Ekran Giri\u015f\/\u00c7\u0131k\u0131\u015f durumu, kullan\u0131c\u0131 tan\u0131ml\u0131 mesajlar (64 adede kadar) ile dinamik veriler, FBD program izleme ve kontrol \u00f6zellikleri Alarm sayfas\u0131nda kay\u0131t tutar ve tam alarm olu\u015fum zaman\u0131n\u0131 g\u00f6sterir Alarm mesajlar\u0131 \u00fczerinden parametreler de\u011fi\u015ftirilebilir Tu\u015f Tak\u0131m\u0131 Programlanabilir tu\u015flar sayesinde kullan\u0131lan fiziksel buton say\u0131s\u0131 azalt\u0131labilir Parametreler, yeni bir program [&hellip;]<\/p>","protected":false},"featured_media":2355,"comment_status":"open","ping_status":"closed","template":"","meta":[],"product_brand":[],"product_cat":[37,68],"product_tag":[],"class_list":{"0":"post-2353","1":"product","2":"type-product","3":"status-publish","4":"has-post-thumbnail","6":"product_cat-endustriyel-ekipmanlar","7":"product_cat-rievtech","9":"first","10":"instock","11":"downloadable","12":"shipping-taxable","13":"product-type-simple"},"yoast_head":"<!-- This site is optimized with the Yoast SEO plugin v25.3 - https:\/\/yoast.com\/wordpress\/plugins\/seo\/ -->\n<title>Rievtech PR-12AC-R-N - Zekros M\u00fchendislik<\/title>\n<meta name=\"robots\" content=\"index, follow, max-snippet:-1, max-image-preview:large, max-video-preview:-1\" \/>\n<link rel=\"canonical\" href=\"https:\/\/zekros.com\/en\/product\/rievtech-pr-12ac-r-n\/\" \/>\n<meta property=\"og:locale\" content=\"en_US\" \/>\n<meta property=\"og:type\" content=\"article\" \/>\n<meta property=\"og:title\" content=\"Rievtech PR-12AC-R-N - Zekros M\u00fchendislik\" \/>\n<meta property=\"og:description\" content=\"8 Dijital Giri\u015f4 R\u00f6le \u00c7\u0131k\u0131\u015f\u0131 R\u00f6le \u00e7\u0131k\u0131\u015f\u0131: Maksimum 10A LCD Ekran Giri\u015f\/\u00c7\u0131k\u0131\u015f durumu, kullan\u0131c\u0131 tan\u0131ml\u0131 mesajlar (64 adede kadar) ile dinamik veriler, FBD program izleme ve kontrol \u00f6zellikleri Alarm sayfas\u0131nda kay\u0131t tutar ve tam alarm olu\u015fum zaman\u0131n\u0131 g\u00f6sterir Alarm mesajlar\u0131 \u00fczerinden parametreler de\u011fi\u015ftirilebilir Tu\u015f Tak\u0131m\u0131 Programlanabilir tu\u015flar sayesinde kullan\u0131lan fiziksel buton say\u0131s\u0131 azalt\u0131labilir Parametreler, yeni bir program [&hellip;]\" \/>\n<meta property=\"og:url\" content=\"https:\/\/zekros.com\/en\/product\/rievtech-pr-12ac-r-n\/\" \/>\n<meta property=\"og:site_name\" content=\"Zekros M\u00fchendislik\" \/>\n<meta property=\"og:image\" content=\"https:\/\/zekros.com\/wp-content\/uploads\/2025\/07\/PR-12AC-R-Nyouce-800-800.webp\" \/>\n\t<meta property=\"og:image:width\" content=\"800\" \/>\n\t<meta property=\"og:image:height\" content=\"800\" \/>\n\t<meta property=\"og:image:type\" content=\"image\/webp\" \/>\n<meta name=\"twitter:card\" content=\"summary_large_image\" \/>\n<meta name=\"twitter:label1\" content=\"Est. reading time\" \/>\n\t<meta name=\"twitter:data1\" content=\"2 minutes\" \/>\n<script type=\"application\/ld+json\" class=\"yoast-schema-graph\">{\"@context\":\"https:\/\/schema.org\",\"@graph\":[{\"@type\":\"WebPage\",\"@id\":\"https:\/\/zekros.com\/urun\/rievtech-pr-12ac-r-n\/\",\"url\":\"https:\/\/zekros.com\/urun\/rievtech-pr-12ac-r-n\/\",\"name\":\"Rievtech PR-12AC-R-N - Zekros M\u00fchendislik\",\"isPartOf\":{\"@id\":\"https:\/\/zekros-8b8a29.ingress-alpha.ewp.live\/#website\"},\"primaryImageOfPage\":{\"@id\":\"https:\/\/zekros.com\/urun\/rievtech-pr-12ac-r-n\/#primaryimage\"},\"image\":{\"@id\":\"https:\/\/zekros.com\/urun\/rievtech-pr-12ac-r-n\/#primaryimage\"},\"thumbnailUrl\":\"https:\/\/zekros.com\/wp-content\/uploads\/2025\/07\/PR-12AC-R-Nyouce-800-800.webp\",\"datePublished\":\"2025-07-31T07:00:44+00:00\",\"breadcrumb\":{\"@id\":\"https:\/\/zekros.com\/urun\/rievtech-pr-12ac-r-n\/#breadcrumb\"},\"inLanguage\":\"en-US\",\"potentialAction\":[{\"@type\":\"ReadAction\",\"target\":[\"https:\/\/zekros.com\/urun\/rievtech-pr-12ac-r-n\/\"]}]},{\"@type\":\"ImageObject\",\"inLanguage\":\"en-US\",\"@id\":\"https:\/\/zekros.com\/urun\/rievtech-pr-12ac-r-n\/#primaryimage\",\"url\":\"https:\/\/zekros.com\/wp-content\/uploads\/2025\/07\/PR-12AC-R-Nyouce-800-800.webp\",\"contentUrl\":\"https:\/\/zekros.com\/wp-content\/uploads\/2025\/07\/PR-12AC-R-Nyouce-800-800.webp\",\"width\":800,\"height\":800},{\"@type\":\"BreadcrumbList\",\"@id\":\"https:\/\/zekros.com\/urun\/rievtech-pr-12ac-r-n\/#breadcrumb\",\"itemListElement\":[{\"@type\":\"ListItem\",\"position\":1,\"name\":\"Home\",\"item\":\"https:\/\/zekros.com\/\"},{\"@type\":\"ListItem\",\"position\":2,\"name\":\"\u00dcr\u00fcnler\",\"item\":\"https:\/\/zekros-8b8a29.ingress-alpha.ewp.live\/?post_type=product\"},{\"@type\":\"ListItem\",\"position\":3,\"name\":\"Rievtech PR-12AC-R-N\"}]},{\"@type\":\"WebSite\",\"@id\":\"https:\/\/zekros-8b8a29.ingress-alpha.ewp.live\/#website\",\"url\":\"https:\/\/zekros-8b8a29.ingress-alpha.ewp.live\/\",\"name\":\"Zekros M\u00fchendislik\",\"description\":\"\",\"publisher\":{\"@id\":\"https:\/\/zekros-8b8a29.ingress-alpha.ewp.live\/#organization\"},\"potentialAction\":[{\"@type\":\"SearchAction\",\"target\":{\"@type\":\"EntryPoint\",\"urlTemplate\":\"https:\/\/zekros-8b8a29.ingress-alpha.ewp.live\/?s={search_term_string}\"},\"query-input\":{\"@type\":\"PropertyValueSpecification\",\"valueRequired\":true,\"valueName\":\"search_term_string\"}}],\"inLanguage\":\"en-US\"},{\"@type\":\"Organization\",\"@id\":\"https:\/\/zekros-8b8a29.ingress-alpha.ewp.live\/#organization\",\"name\":\"Zekros M\u00fchendislik\",\"url\":\"https:\/\/zekros-8b8a29.ingress-alpha.ewp.live\/\",\"logo\":{\"@type\":\"ImageObject\",\"inLanguage\":\"en-US\",\"@id\":\"https:\/\/zekros-8b8a29.ingress-alpha.ewp.live\/#\/schema\/logo\/image\/\",\"url\":\"https:\/\/zekros.com\/wp-content\/uploads\/2025\/07\/WhatsApp-Image-2025-07-05-at-15.jpg\",\"contentUrl\":\"https:\/\/zekros.com\/wp-content\/uploads\/2025\/07\/WhatsApp-Image-2025-07-05-at-15.jpg\",\"width\":190,\"height\":51,\"caption\":\"Zekros M\u00fchendislik\"},\"image\":{\"@id\":\"https:\/\/zekros-8b8a29.ingress-alpha.ewp.live\/#\/schema\/logo\/image\/\"},\"sameAs\":[\"https:\/\/www.linkedin.com\/company\/zekros\/?viewAsMember=true\"]}]}<\/script>\n<!-- \/ Yoast SEO plugin. -->","yoast_head_json":{"title":"Rievtech PR-12AC-R-N - Zekros M\u00fchendislik","robots":{"index":"index","follow":"follow","max-snippet":"max-snippet:-1","max-image-preview":"max-image-preview:large","max-video-preview":"max-video-preview:-1"},"canonical":"https:\/\/zekros.com\/en\/product\/rievtech-pr-12ac-r-n\/","og_locale":"en_US","og_type":"article","og_title":"Rievtech PR-12AC-R-N - Zekros M\u00fchendislik","og_description":"8 Dijital Giri\u015f4 R\u00f6le \u00c7\u0131k\u0131\u015f\u0131 R\u00f6le \u00e7\u0131k\u0131\u015f\u0131: Maksimum 10A LCD Ekran Giri\u015f\/\u00c7\u0131k\u0131\u015f durumu, kullan\u0131c\u0131 tan\u0131ml\u0131 mesajlar (64 adede kadar) ile dinamik veriler, FBD program izleme ve kontrol \u00f6zellikleri Alarm sayfas\u0131nda kay\u0131t tutar ve tam alarm olu\u015fum zaman\u0131n\u0131 g\u00f6sterir Alarm mesajlar\u0131 \u00fczerinden parametreler de\u011fi\u015ftirilebilir Tu\u015f Tak\u0131m\u0131 Programlanabilir tu\u015flar sayesinde kullan\u0131lan fiziksel buton say\u0131s\u0131 azalt\u0131labilir Parametreler, yeni bir program [&hellip;]","og_url":"https:\/\/zekros.com\/en\/product\/rievtech-pr-12ac-r-n\/","og_site_name":"Zekros M\u00fchendislik","og_image":[{"width":800,"height":800,"url":"https:\/\/zekros.com\/wp-content\/uploads\/2025\/07\/PR-12AC-R-Nyouce-800-800.webp","type":"image\/webp"}],"twitter_card":"summary_large_image","twitter_misc":{"Est. reading time":"2 minutes"},"schema":{"@context":"https:\/\/schema.org","@graph":[{"@type":"WebPage","@id":"https:\/\/zekros.com\/urun\/rievtech-pr-12ac-r-n\/","url":"https:\/\/zekros.com\/urun\/rievtech-pr-12ac-r-n\/","name":"Rievtech PR-12AC-R-N - Zekros M\u00fchendislik","isPartOf":{"@id":"https:\/\/zekros-8b8a29.ingress-alpha.ewp.live\/#website"},"primaryImageOfPage":{"@id":"https:\/\/zekros.com\/urun\/rievtech-pr-12ac-r-n\/#primaryimage"},"image":{"@id":"https:\/\/zekros.com\/urun\/rievtech-pr-12ac-r-n\/#primaryimage"},"thumbnailUrl":"https:\/\/zekros.com\/wp-content\/uploads\/2025\/07\/PR-12AC-R-Nyouce-800-800.webp","datePublished":"2025-07-31T07:00:44+00:00","breadcrumb":{"@id":"https:\/\/zekros.com\/urun\/rievtech-pr-12ac-r-n\/#breadcrumb"},"inLanguage":"en-US","potentialAction":[{"@type":"ReadAction","target":["https:\/\/zekros.com\/urun\/rievtech-pr-12ac-r-n\/"]}]},{"@type":"ImageObject","inLanguage":"en-US","@id":"https:\/\/zekros.com\/urun\/rievtech-pr-12ac-r-n\/#primaryimage","url":"https:\/\/zekros.com\/wp-content\/uploads\/2025\/07\/PR-12AC-R-Nyouce-800-800.webp","contentUrl":"https:\/\/zekros.com\/wp-content\/uploads\/2025\/07\/PR-12AC-R-Nyouce-800-800.webp","width":800,"height":800},{"@type":"BreadcrumbList","@id":"https:\/\/zekros.com\/urun\/rievtech-pr-12ac-r-n\/#breadcrumb","itemListElement":[{"@type":"ListItem","position":1,"name":"Home","item":"https:\/\/zekros.com\/"},{"@type":"ListItem","position":2,"name":"\u00dcr\u00fcnler","item":"https:\/\/zekros-8b8a29.ingress-alpha.ewp.live\/?post_type=product"},{"@type":"ListItem","position":3,"name":"Rievtech PR-12AC-R-N"}]},{"@type":"WebSite","@id":"https:\/\/zekros-8b8a29.ingress-alpha.ewp.live\/#website","url":"https:\/\/zekros-8b8a29.ingress-alpha.ewp.live\/","name":"Zekros M\u00fchendislik","description":"","publisher":{"@id":"https:\/\/zekros-8b8a29.ingress-alpha.ewp.live\/#organization"},"potentialAction":[{"@type":"SearchAction","target":{"@type":"EntryPoint","urlTemplate":"https:\/\/zekros-8b8a29.ingress-alpha.ewp.live\/?s={search_term_string}"},"query-input":{"@type":"PropertyValueSpecification","valueRequired":true,"valueName":"search_term_string"}}],"inLanguage":"en-US"},{"@type":"Organization","@id":"https:\/\/zekros-8b8a29.ingress-alpha.ewp.live\/#organization","name":"Zekros M\u00fchendislik","url":"https:\/\/zekros-8b8a29.ingress-alpha.ewp.live\/","logo":{"@type":"ImageObject","inLanguage":"en-US","@id":"https:\/\/zekros-8b8a29.ingress-alpha.ewp.live\/#\/schema\/logo\/image\/","url":"https:\/\/zekros.com\/wp-content\/uploads\/2025\/07\/WhatsApp-Image-2025-07-05-at-15.jpg","contentUrl":"https:\/\/zekros.com\/wp-content\/uploads\/2025\/07\/WhatsApp-Image-2025-07-05-at-15.jpg","width":190,"height":51,"caption":"Zekros M\u00fchendislik"},"image":{"@id":"https:\/\/zekros-8b8a29.ingress-alpha.ewp.live\/#\/schema\/logo\/image\/"},"sameAs":["https:\/\/www.linkedin.com\/company\/zekros\/?viewAsMember=true"]}]}},"_links":{"self":[{"href":"https:\/\/zekros.com\/en\/wp-json\/wp\/v2\/product\/2353","targetHints":{"allow":["GET"]}}],"collection":[{"href":"https:\/\/zekros.com\/en\/wp-json\/wp\/v2\/product"}],"about":[{"href":"https:\/\/zekros.com\/en\/wp-json\/wp\/v2\/types\/product"}],"replies":[{"embeddable":true,"href":"https:\/\/zekros.com\/en\/wp-json\/wp\/v2\/comments?post=2353"}],"wp:featuredmedia":[{"embeddable":true,"href":"https:\/\/zekros.com\/en\/wp-json\/wp\/v2\/media\/2355"}],"wp:attachment":[{"href":"https:\/\/zekros.com\/en\/wp-json\/wp\/v2\/media?parent=2353"}],"wp:term":[{"taxonomy":"product_brand","embeddable":true,"href":"https:\/\/zekros.com\/en\/wp-json\/wp\/v2\/product_brand?post=2353"},{"taxonomy":"product_cat","embeddable":true,"href":"https:\/\/zekros.com\/en\/wp-json\/wp\/v2\/product_cat?post=2353"},{"taxonomy":"product_tag","embeddable":true,"href":"https:\/\/zekros.com\/en\/wp-json\/wp\/v2\/product_tag?post=2353"}],"curies":[{"name":"wp","href":"https:\/\/api.w.org\/{rel}","templated":true}]}}