{"id":2293,"date":"2025-07-08T11:34:02","date_gmt":"2025-07-08T08:34:02","guid":{"rendered":"https:\/\/zekros.com\/?post_type=product&#038;p=2293"},"modified":"2025-09-18T00:10:09","modified_gmt":"2025-09-17T21:10:09","slug":"cp-2014-central-processor","status":"publish","type":"product","link":"https:\/\/zekros.com\/en\/product\/cp-2014-central-processor\/","title":{"rendered":"Siemens CP-2014 CENTRAL PROCESSOR"},"content":{"rendered":"<table>\n<tbody>\n<tr data-start=\"449\" data-end=\"568\">\n<td data-start=\"449\" data-end=\"484\" data-col-size=\"sm\"><strong data-start=\"451\" data-end=\"479\">\u00dcr\u00fcn Kodu (Order Number)<\/strong><\/td>\n<td data-start=\"484\" data-end=\"568\" data-col-size=\"md\">6MF1013-0CA14-0AA<\/td>\n<\/tr>\n<\/tbody>\n<\/table>\n<table>\n<tbody>\n<tr data-start=\"569\" data-end=\"697\">\n<td data-start=\"569\" data-end=\"604\" data-col-size=\"sm\"><strong data-start=\"571\" data-end=\"580\">Seri<\/strong><\/td>\n<td data-start=\"604\" data-end=\"697\" data-col-size=\"md\">SICAM AK\u00ae-3<\/td>\n<\/tr>\n<\/tbody>\n<\/table>\n<table>\n<tbody>\n<tr data-start=\"698\" data-end=\"826\">\n<td data-start=\"698\" data-end=\"733\" data-col-size=\"sm\"><strong data-start=\"700\" data-end=\"714\">Mod\u00fcl Tipi<\/strong><\/td>\n<td data-start=\"733\" data-end=\"826\" data-col-size=\"md\">ACP 1703 CP-2014 Central Processor (MAT-NB BC2-014)<\/td>\n<\/tr>\n<\/tbody>\n<\/table>\n<ul>\n<li data-start=\"1744\" data-end=\"1920\">\n<p data-start=\"1746\" data-end=\"1920\"><strong data-start=\"1746\" data-end=\"1768\">SICAM AK\u00ae-3 ailesi<\/strong>, \u00f6zellikle elektrik da\u011f\u0131t\u0131m \u015febekelerinde \u201cmaster control\u201d g\u00f6revlerini \u00fcstlenen merkezi i\u015flemciler, I\/O mod\u00fclleri ve haberle\u015fme birimlerinden olu\u015fur.<\/p>\n<\/li>\n<li data-start=\"1921\" data-end=\"2088\">\n<p data-start=\"1923\" data-end=\"2088\">6MF1013-0CA14-0AA0 kodlu <strong data-start=\"1948\" data-end=\"1968\">ACP 1703 CP-2014<\/strong>, bu ailenin \u201cCentral Processor\u201d mod\u00fcl\u00fc olup hem \u00e7evrim i\u00e7i kontrol hem de a\u00e7\u0131k\/kapal\u0131 d\u00f6ng\u00fc uygulamalar\u0131n\u0131 destekler.<\/p>\n<\/li>\n<li data-start=\"2089\" data-end=\"2208\">\n<p data-start=\"2091\" data-end=\"2208\">IEC 61131-3 standard\u0131na uygun programlama kabiliyeti ve CAEX Plus ile yap\u0131land\u0131r\u0131labilir kontrol fonksiyonlar\u0131 sunar.<\/p>\n<\/li>\n<\/ul>","protected":false},"excerpt":{"rendered":"<p>\u00dcr\u00fcn Kodu (Order Number) 6MF1013-0CA14-0AA Seri SICAM AK\u00ae-3 Mod\u00fcl Tipi ACP 1703 CP-2014 Central Processor (MAT-NB BC2-014) SICAM AK\u00ae-3 ailesi, \u00f6zellikle elektrik da\u011f\u0131t\u0131m \u015febekelerinde \u201cmaster control\u201d g\u00f6revlerini \u00fcstlenen merkezi i\u015flemciler, I\/O mod\u00fclleri ve haberle\u015fme birimlerinden olu\u015fur. 6MF1013-0CA14-0AA0 kodlu ACP 1703 CP-2014, bu ailenin \u201cCentral Processor\u201d mod\u00fcl\u00fc olup hem \u00e7evrim i\u00e7i kontrol hem de a\u00e7\u0131k\/kapal\u0131 d\u00f6ng\u00fc uygulamalar\u0131n\u0131 destekler. [&hellip;]<\/p>","protected":false},"featured_media":2417,"comment_status":"open","ping_status":"closed","template":"","meta":[],"product_brand":[64],"product_cat":[37,66],"product_tag":[],"class_list":{"0":"post-2293","1":"product","2":"type-product","3":"status-publish","4":"has-post-thumbnail","6":"product_brand-siemens","7":"product_cat-endustriyel-ekipmanlar","8":"product_cat-siemens","10":"first","11":"instock","12":"downloadable","13":"shipping-taxable","14":"product-type-simple"},"yoast_head":"<!-- This site is optimized with the Yoast SEO plugin v25.3 - https:\/\/yoast.com\/wordpress\/plugins\/seo\/ -->\n<title>Siemens CP-2014 CENTRAL PROCESSOR - Zekros M\u00fchendislik<\/title>\n<meta name=\"description\" content=\"SICAM AK-3 SICAM AK3 SICAM AK\u00ae-3 ACP 1703 CP-2014 6MF1013-0CA14-0AA6MF1013-0CA14-0AA0Central Processor mod\u00fcl\u00fc Merkezi i\u015flemci mod\u00fcl\u00fc\" \/>\n<meta name=\"robots\" content=\"index, follow, max-snippet:-1, max-image-preview:large, max-video-preview:-1\" \/>\n<link rel=\"canonical\" href=\"https:\/\/zekros.com\/en\/product\/cp-2014-central-processor\/\" \/>\n<meta property=\"og:locale\" content=\"en_US\" \/>\n<meta property=\"og:type\" content=\"article\" \/>\n<meta property=\"og:title\" content=\"Siemens CP-2014 CENTRAL PROCESSOR - Zekros M\u00fchendislik\" \/>\n<meta property=\"og:description\" content=\"SICAM AK-3 SICAM AK3 SICAM AK\u00ae-3 ACP 1703 CP-2014 6MF1013-0CA14-0AA6MF1013-0CA14-0AA0Central Processor mod\u00fcl\u00fc Merkezi i\u015flemci mod\u00fcl\u00fc\" \/>\n<meta property=\"og:url\" content=\"https:\/\/zekros.com\/en\/product\/cp-2014-central-processor\/\" \/>\n<meta property=\"og:site_name\" content=\"Zekros M\u00fchendislik\" \/>\n<meta property=\"article:modified_time\" content=\"2025-09-17T21:10:09+00:00\" \/>\n<meta property=\"og:image\" content=\"https:\/\/zekros.com\/wp-content\/uploads\/2025\/07\/admin-ajax.jpg\" \/>\n\t<meta property=\"og:image:width\" content=\"800\" \/>\n\t<meta property=\"og:image:height\" content=\"800\" \/>\n\t<meta property=\"og:image:type\" content=\"image\/jpeg\" \/>\n<meta name=\"twitter:card\" content=\"summary_large_image\" \/>\n<meta name=\"twitter:label1\" content=\"Est. reading time\" \/>\n\t<meta name=\"twitter:data1\" content=\"1 minute\" \/>\n<script type=\"application\/ld+json\" class=\"yoast-schema-graph\">{\"@context\":\"https:\/\/schema.org\",\"@graph\":[{\"@type\":\"WebPage\",\"@id\":\"https:\/\/zekros.com\/urun\/cp-2014-central-processor\/\",\"url\":\"https:\/\/zekros.com\/urun\/cp-2014-central-processor\/\",\"name\":\"Siemens CP-2014 CENTRAL PROCESSOR - Zekros M\u00fchendislik\",\"isPartOf\":{\"@id\":\"https:\/\/zekros-8b8a29.ingress-alpha.ewp.live\/#website\"},\"primaryImageOfPage\":{\"@id\":\"https:\/\/zekros.com\/urun\/cp-2014-central-processor\/#primaryimage\"},\"image\":{\"@id\":\"https:\/\/zekros.com\/urun\/cp-2014-central-processor\/#primaryimage\"},\"thumbnailUrl\":\"https:\/\/zekros.com\/wp-content\/uploads\/2025\/07\/admin-ajax.jpg\",\"datePublished\":\"2025-07-08T08:34:02+00:00\",\"dateModified\":\"2025-09-17T21:10:09+00:00\",\"description\":\"SICAM AK-3 SICAM AK3 SICAM AK\u00ae-3 ACP 1703 CP-2014 6MF1013-0CA14-0AA6MF1013-0CA14-0AA0Central Processor mod\u00fcl\u00fc Merkezi i\u015flemci mod\u00fcl\u00fc\",\"breadcrumb\":{\"@id\":\"https:\/\/zekros.com\/urun\/cp-2014-central-processor\/#breadcrumb\"},\"inLanguage\":\"en-US\",\"potentialAction\":[{\"@type\":\"ReadAction\",\"target\":[\"https:\/\/zekros.com\/urun\/cp-2014-central-processor\/\"]}]},{\"@type\":\"ImageObject\",\"inLanguage\":\"en-US\",\"@id\":\"https:\/\/zekros.com\/urun\/cp-2014-central-processor\/#primaryimage\",\"url\":\"https:\/\/zekros.com\/wp-content\/uploads\/2025\/07\/admin-ajax.jpg\",\"contentUrl\":\"https:\/\/zekros.com\/wp-content\/uploads\/2025\/07\/admin-ajax.jpg\",\"width\":800,\"height\":800},{\"@type\":\"BreadcrumbList\",\"@id\":\"https:\/\/zekros.com\/urun\/cp-2014-central-processor\/#breadcrumb\",\"itemListElement\":[{\"@type\":\"ListItem\",\"position\":1,\"name\":\"Home\",\"item\":\"https:\/\/zekros.com\/\"},{\"@type\":\"ListItem\",\"position\":2,\"name\":\"\u00dcr\u00fcnler\",\"item\":\"https:\/\/zekros-8b8a29.ingress-alpha.ewp.live\/?post_type=product\"},{\"@type\":\"ListItem\",\"position\":3,\"name\":\"Siemens CP-2014 CENTRAL PROCESSOR\"}]},{\"@type\":\"WebSite\",\"@id\":\"https:\/\/zekros-8b8a29.ingress-alpha.ewp.live\/#website\",\"url\":\"https:\/\/zekros-8b8a29.ingress-alpha.ewp.live\/\",\"name\":\"Zekros M\u00fchendislik\",\"description\":\"\",\"publisher\":{\"@id\":\"https:\/\/zekros-8b8a29.ingress-alpha.ewp.live\/#organization\"},\"potentialAction\":[{\"@type\":\"SearchAction\",\"target\":{\"@type\":\"EntryPoint\",\"urlTemplate\":\"https:\/\/zekros-8b8a29.ingress-alpha.ewp.live\/?s={search_term_string}\"},\"query-input\":{\"@type\":\"PropertyValueSpecification\",\"valueRequired\":true,\"valueName\":\"search_term_string\"}}],\"inLanguage\":\"en-US\"},{\"@type\":\"Organization\",\"@id\":\"https:\/\/zekros-8b8a29.ingress-alpha.ewp.live\/#organization\",\"name\":\"Zekros M\u00fchendislik\",\"url\":\"https:\/\/zekros-8b8a29.ingress-alpha.ewp.live\/\",\"logo\":{\"@type\":\"ImageObject\",\"inLanguage\":\"en-US\",\"@id\":\"https:\/\/zekros-8b8a29.ingress-alpha.ewp.live\/#\/schema\/logo\/image\/\",\"url\":\"https:\/\/zekros.com\/wp-content\/uploads\/2025\/07\/WhatsApp-Image-2025-07-05-at-15.jpg\",\"contentUrl\":\"https:\/\/zekros.com\/wp-content\/uploads\/2025\/07\/WhatsApp-Image-2025-07-05-at-15.jpg\",\"width\":190,\"height\":51,\"caption\":\"Zekros M\u00fchendislik\"},\"image\":{\"@id\":\"https:\/\/zekros-8b8a29.ingress-alpha.ewp.live\/#\/schema\/logo\/image\/\"},\"sameAs\":[\"https:\/\/www.linkedin.com\/company\/zekros\/?viewAsMember=true\"]}]}<\/script>\n<!-- \/ Yoast SEO plugin. -->","yoast_head_json":{"title":"Siemens CP-2014 CENTRAL PROCESSOR - Zekros M\u00fchendislik","description":"SICAM AK-3 SICAM AK3 SICAM AK\u00ae-3 ACP 1703 CP-2014 6MF1013-0CA14-0AA6MF1013-0CA14-0AA0Central Processor mod\u00fcl\u00fc Merkezi i\u015flemci mod\u00fcl\u00fc","robots":{"index":"index","follow":"follow","max-snippet":"max-snippet:-1","max-image-preview":"max-image-preview:large","max-video-preview":"max-video-preview:-1"},"canonical":"https:\/\/zekros.com\/en\/product\/cp-2014-central-processor\/","og_locale":"en_US","og_type":"article","og_title":"Siemens CP-2014 CENTRAL PROCESSOR - Zekros M\u00fchendislik","og_description":"SICAM AK-3 SICAM AK3 SICAM AK\u00ae-3 ACP 1703 CP-2014 6MF1013-0CA14-0AA6MF1013-0CA14-0AA0Central Processor mod\u00fcl\u00fc Merkezi i\u015flemci mod\u00fcl\u00fc","og_url":"https:\/\/zekros.com\/en\/product\/cp-2014-central-processor\/","og_site_name":"Zekros M\u00fchendislik","article_modified_time":"2025-09-17T21:10:09+00:00","og_image":[{"width":800,"height":800,"url":"https:\/\/zekros.com\/wp-content\/uploads\/2025\/07\/admin-ajax.jpg","type":"image\/jpeg"}],"twitter_card":"summary_large_image","twitter_misc":{"Est. reading time":"1 minute"},"schema":{"@context":"https:\/\/schema.org","@graph":[{"@type":"WebPage","@id":"https:\/\/zekros.com\/urun\/cp-2014-central-processor\/","url":"https:\/\/zekros.com\/urun\/cp-2014-central-processor\/","name":"Siemens CP-2014 CENTRAL PROCESSOR - Zekros M\u00fchendislik","isPartOf":{"@id":"https:\/\/zekros-8b8a29.ingress-alpha.ewp.live\/#website"},"primaryImageOfPage":{"@id":"https:\/\/zekros.com\/urun\/cp-2014-central-processor\/#primaryimage"},"image":{"@id":"https:\/\/zekros.com\/urun\/cp-2014-central-processor\/#primaryimage"},"thumbnailUrl":"https:\/\/zekros.com\/wp-content\/uploads\/2025\/07\/admin-ajax.jpg","datePublished":"2025-07-08T08:34:02+00:00","dateModified":"2025-09-17T21:10:09+00:00","description":"SICAM AK-3 SICAM AK3 SICAM AK\u00ae-3 ACP 1703 CP-2014 6MF1013-0CA14-0AA6MF1013-0CA14-0AA0Central Processor mod\u00fcl\u00fc Merkezi i\u015flemci mod\u00fcl\u00fc","breadcrumb":{"@id":"https:\/\/zekros.com\/urun\/cp-2014-central-processor\/#breadcrumb"},"inLanguage":"en-US","potentialAction":[{"@type":"ReadAction","target":["https:\/\/zekros.com\/urun\/cp-2014-central-processor\/"]}]},{"@type":"ImageObject","inLanguage":"en-US","@id":"https:\/\/zekros.com\/urun\/cp-2014-central-processor\/#primaryimage","url":"https:\/\/zekros.com\/wp-content\/uploads\/2025\/07\/admin-ajax.jpg","contentUrl":"https:\/\/zekros.com\/wp-content\/uploads\/2025\/07\/admin-ajax.jpg","width":800,"height":800},{"@type":"BreadcrumbList","@id":"https:\/\/zekros.com\/urun\/cp-2014-central-processor\/#breadcrumb","itemListElement":[{"@type":"ListItem","position":1,"name":"Home","item":"https:\/\/zekros.com\/"},{"@type":"ListItem","position":2,"name":"\u00dcr\u00fcnler","item":"https:\/\/zekros-8b8a29.ingress-alpha.ewp.live\/?post_type=product"},{"@type":"ListItem","position":3,"name":"Siemens CP-2014 CENTRAL PROCESSOR"}]},{"@type":"WebSite","@id":"https:\/\/zekros-8b8a29.ingress-alpha.ewp.live\/#website","url":"https:\/\/zekros-8b8a29.ingress-alpha.ewp.live\/","name":"Zekros M\u00fchendislik","description":"","publisher":{"@id":"https:\/\/zekros-8b8a29.ingress-alpha.ewp.live\/#organization"},"potentialAction":[{"@type":"SearchAction","target":{"@type":"EntryPoint","urlTemplate":"https:\/\/zekros-8b8a29.ingress-alpha.ewp.live\/?s={search_term_string}"},"query-input":{"@type":"PropertyValueSpecification","valueRequired":true,"valueName":"search_term_string"}}],"inLanguage":"en-US"},{"@type":"Organization","@id":"https:\/\/zekros-8b8a29.ingress-alpha.ewp.live\/#organization","name":"Zekros M\u00fchendislik","url":"https:\/\/zekros-8b8a29.ingress-alpha.ewp.live\/","logo":{"@type":"ImageObject","inLanguage":"en-US","@id":"https:\/\/zekros-8b8a29.ingress-alpha.ewp.live\/#\/schema\/logo\/image\/","url":"https:\/\/zekros.com\/wp-content\/uploads\/2025\/07\/WhatsApp-Image-2025-07-05-at-15.jpg","contentUrl":"https:\/\/zekros.com\/wp-content\/uploads\/2025\/07\/WhatsApp-Image-2025-07-05-at-15.jpg","width":190,"height":51,"caption":"Zekros M\u00fchendislik"},"image":{"@id":"https:\/\/zekros-8b8a29.ingress-alpha.ewp.live\/#\/schema\/logo\/image\/"},"sameAs":["https:\/\/www.linkedin.com\/company\/zekros\/?viewAsMember=true"]}]}},"_links":{"self":[{"href":"https:\/\/zekros.com\/en\/wp-json\/wp\/v2\/product\/2293","targetHints":{"allow":["GET"]}}],"collection":[{"href":"https:\/\/zekros.com\/en\/wp-json\/wp\/v2\/product"}],"about":[{"href":"https:\/\/zekros.com\/en\/wp-json\/wp\/v2\/types\/product"}],"replies":[{"embeddable":true,"href":"https:\/\/zekros.com\/en\/wp-json\/wp\/v2\/comments?post=2293"}],"wp:featuredmedia":[{"embeddable":true,"href":"https:\/\/zekros.com\/en\/wp-json\/wp\/v2\/media\/2417"}],"wp:attachment":[{"href":"https:\/\/zekros.com\/en\/wp-json\/wp\/v2\/media?parent=2293"}],"wp:term":[{"taxonomy":"product_brand","embeddable":true,"href":"https:\/\/zekros.com\/en\/wp-json\/wp\/v2\/product_brand?post=2293"},{"taxonomy":"product_cat","embeddable":true,"href":"https:\/\/zekros.com\/en\/wp-json\/wp\/v2\/product_cat?post=2293"},{"taxonomy":"product_tag","embeddable":true,"href":"https:\/\/zekros.com\/en\/wp-json\/wp\/v2\/product_tag?post=2293"}],"curies":[{"name":"wp","href":"https:\/\/api.w.org\/{rel}","templated":true}]}}