{"id":821,"date":"2018-04-26T10:06:53","date_gmt":"2018-04-26T10:06:53","guid":{"rendered":"https:\/\/redbizwp.themesflat.co\/?page_id=821"},"modified":"2025-08-13T22:54:41","modified_gmt":"2025-08-13T19:54:41","slug":"solution","status":"publish","type":"page","link":"https:\/\/zekros.com\/en\/solution\/","title":{"rendered":"\u00c7\u00f6z\u00fcmlerimiz_rv1"},"content":{"rendered":"<div class=\"wpb-content-wrapper\"><div class=\"vc_row wpb_row vc_row-fluid themesflat_1777569636\"><div class=\"row_overlay\" style=\"\"><\/div><div class=\"wpb_column vc_column_container vc_col-sm-12\"><div class=\"vc_column-inner\"><div class=\"wpb_wrapper\">\n\t<div class=\"wpb_text_column wpb_content_element\" >\n\t\t<div class=\"wpb_wrapper\">\n\t\t\t<p>[rev_slider_vc alias=&#8221;home4&#8243;]<\/p>\n\n\t\t<\/div>\n\t<\/div>\n<\/div><\/div><\/div><\/div><div data-vc-full-width=\"true\" data-vc-full-width-init=\"false\" class=\"vc_row wpb_row vc_row-fluid themesflat_1524799534\"><div class=\"row_overlay\" style=\"\"><\/div><div class=\"wpb_column vc_column_container vc_col-sm-12\"><div class=\"vc_column-inner\"><div class=\"wpb_wrapper\">\r\n\t\t<div class=\"themesflat-spacer\" data-desktop=\"96\" data-mobile=\"40\" data-smobile=\"30\">\t\t\t\r\n\t\t<\/div><div class=\"title-section   center\">\r\n\t\t\r\n\t\t\t<div class=\"top-title\">\r\n\t\t\t\tWe optimize processes and design the future today.\r\n\t\t\t<\/div>\r\n\t\t<h2 class=\"title\" style=\"\t\t\tfont-size: 35px;\t\t\tfont-weight: 400;\t\t\tline-height: 49px;\t\t\tcolor: #111111;\t\t\tmargin-bottom: 2px;\t\t\tletter-spacing: 0px;\t\t\">\r\n\t\t\tSolution\r\n\t\t<\/h2>\t\r\n\t\t<div class=\"title-line\"><\/div>\t\t\t\r\n\t\t\r\n\r\n\t<\/div><div class=\"vc_row wpb_row vc_inner vc_row-fluid\"><div class=\"wpb_column vc_column_container vc_col-sm-6\"><div class=\"vc_column-inner\"><div class=\"wpb_wrapper\"><div class=\"themesflat_iconbox themesflat_hover  inline-left style1 circle themesflat_1524799200\" >\r\n\t\t\r\n\t\t\r\n\t\t\r\n\t\t<div class=\"iconbox-content\" style=\"\t\t\ttext-align: unset;\t\t\">\r\n\t\t\t<h4 class=\"title\" style=\"font-size: 21px;font-weight: 400;color: #111111\">Artificial Intelligence<\/h4>\r\n\t\t\t\r\n\t\t\t<p>With the AI solutions we develop for enterprise clients, we boost productivity, turn data into insight, and provide holistic services through projects and training.<\/p>\n\r\n\t\t\t\r\n\t\t<\/div>\r\n\t<\/div>\r\n\t\t<div class=\"themesflat-spacer\" data-desktop=\"42\" data-mobile=\"0\" data-smobile=\"0\">\t\t\t\r\n\t\t<\/div><div class=\"themesflat_iconbox themesflat_hover  inline-left style1 circle themesflat_1524799200\" >\r\n\t\t\r\n\t\t\r\n\t\t\r\n\t\t<div class=\"iconbox-content\" style=\"\t\t\ttext-align: unset;\t\t\">\r\n\t\t\t<h4 class=\"title\" style=\"font-size: 21px;font-weight: 400;color: #111111\">Industrial Automation<\/h4>\r\n\t\t\t\r\n\t\t\t<p>We deliver integrated solutions across design, manufacturing, software, and commissioning, ensuring sustainable efficiency and quality with industrial automation systems.<\/p>\n\r\n\t\t\t\r\n\t\t<\/div>\r\n\t<\/div><\/div><\/div><\/div><div class=\"wpb_column vc_column_container vc_col-sm-6\"><div class=\"vc_column-inner\"><div class=\"wpb_wrapper\"><div class=\"themesflat_iconbox themesflat_hover  inline-left style1 circle themesflat_1524799200\" >\r\n\t\t\r\n\t\t\r\n\t\t\r\n\t\t<div class=\"iconbox-content\" style=\"\t\t\ttext-align: unset;\t\t\">\r\n\t\t\t<h4 class=\"title\" style=\"font-size: 21px;font-weight: 400;color: #111111\">Software<\/h4>\r\n\t\t\t\r\n\t\t\t<p>We develop custom software tailored to your needs to accelerate your company\u2019s digital transformation. With user-friendly interfaces and robust infrastructures, we simplify complex processes.<\/p>\n\r\n\t\t\t\r\n\t\t<\/div>\r\n\t<\/div>\r\n\t\t<div class=\"themesflat-spacer\" data-desktop=\"42\" data-mobile=\"0\" data-smobile=\"0\">\t\t\t\r\n\t\t<\/div><div class=\"themesflat_iconbox themesflat_hover  inline-left style1 circle themesflat_1524799200\" >\r\n\t\t\r\n\t\t\r\n\t\t\r\n\t\t<div class=\"iconbox-content\" style=\"\t\t\ttext-align: unset;\t\t\">\r\n\t\t\t<h4 class=\"title\" style=\"font-size: 21px;font-weight: 400;color: #111111\">Industrial Cybersecurity<\/h4>\r\n\t\t\t\r\n\t\t\t<p>We provide comprehensive security solutions to protect your industrial systems against cyber threats. We develop proactive strategies for secure, uninterrupted, and sustainable operations.<\/p>\n\r\n\t\t\t\r\n\t\t<\/div>\r\n\t<\/div><\/div><\/div><\/div><\/div>\r\n\t\t<div class=\"themesflat-spacer\" data-desktop=\"100\" data-mobile=\"40\" data-smobile=\"30\">\t\t\t\r\n\t\t<\/div><\/div><\/div><\/div><\/div><div class=\"vc_row-full-width vc_clearfix\"><\/div><div data-vc-full-width=\"true\" data-vc-full-width-init=\"false\" class=\"vc_row wpb_row vc_row-fluid vc_custom_1525493872302 vc_row-has-fill\"><div class=\"row_overlay\" style=\"\"><\/div><div class=\"wpb_column vc_column_container vc_col-sm-5\"><div class=\"vc_column-inner\"><div class=\"wpb_wrapper\">\r\n\t\t<div class=\"themesflat-spacer\" data-desktop=\"48\" data-mobile=\"30\" data-smobile=\"30\">\t\t\t\r\n\t\t<\/div><div class=\"title-section no-margin mobi-center  left\">\r\n\t\t\r\n\t\t\t<div class=\"top-title\">\r\n\t\t\t\tBizimle Ba\u015far\u0131ya Ula\u015f\u0131n!\r\n\t\t\t<\/div>\r\n\t\t<h2 class=\"title\" style=\"\t\t\tfont-size: 35px;\t\t\tfont-weight: 400;\t\t\tline-height: 49px;\t\t\tcolor: #ffffff;\t\t\tmargin-bottom: 0px;\t\t\tletter-spacing: 0px;\t\t\">\r\n\t\t\tBizi daha yak\u0131ndan tan\u0131y\u0131n!\r\n\t\t<\/h2>\t\r\n\t\t<div class=\"title-line\"><\/div>\t\t\t\r\n\t\t\r\n\r\n\t<\/div>\r\n\t\t<div class=\"themesflat-spacer\" data-desktop=\"38\" data-mobile=\"0\" data-smobile=\"0\">\t\t\t\r\n\t\t<\/div><\/div><\/div><\/div><div class=\"wpb_column vc_column_container vc_col-sm-7\"><div class=\"vc_column-inner\"><div class=\"wpb_wrapper\">\r\n\t\t<div class=\"themesflat-spacer\" data-desktop=\"48\" data-mobile=\"20\" data-smobile=\"0\">\t\t\t\r\n\t\t<\/div><div class=\"vc_row wpb_row vc_inner vc_row-fluid\"><div class=\"wpb_column vc_column_container vc_col-sm-4\"><div class=\"vc_column-inner\"><div class=\"wpb_wrapper\">\r\n\t\t<div class=\"themesflat_counter style1\">\r\n\t\t\r\n\t\t<div class=\"counter-content-top\">\r\n\t\t\t\r\n\t\t\t<span class=\"numb-count\" data-add_zero = \"0\" style=\"color: #ffffff; font-size:35px\" data-from=\"0\" data-to=\"60\" data-speed=\"2000\" data-waypoint-active=\"yes\">60<\/span>\r\n\t\t\t<span class=\"counter-icon\" style=\"color: #ffffff\"><span class=\"\"><\/span><\/span>\r\n\t\t\t<div class=\"counter-surfix\"><\/div>\r\n\t\t<\/div>\r\n\t\t<div class=\"counter-prefix\"><\/div>\r\n\t\t\r\n\t\t<div class=\"counter-content-bottom\">\r\n\t\t\t<p class=\"title\" style=\"color: #ffffff;font-size: 15px\">Customer<\/p>\r\n\t\t\t\r\n\t\t\t\r\n\t\t<\/div><\/div><\/div><\/div><\/div><div class=\"wpb_column vc_column_container vc_col-sm-4\"><div class=\"vc_column-inner\"><div class=\"wpb_wrapper\">\r\n\t\t<div class=\"themesflat_counter style1\">\r\n\t\t\r\n\t\t<div class=\"counter-content-top\">\r\n\t\t\t\r\n\t\t\t<span class=\"numb-count\" data-add_zero = \"0\" style=\"color: #ffffff; font-size:35px\" data-from=\"0\" data-to=\"100\" data-speed=\"2000\" data-waypoint-active=\"yes\">100<\/span>\r\n\t\t\t<span class=\"counter-icon\" style=\"color: #ffffff\"><span class=\"\"><\/span><\/span>\r\n\t\t\t<div class=\"counter-surfix\"><\/div>\r\n\t\t<\/div>\r\n\t\t<div class=\"counter-prefix\"><\/div>\r\n\t\t\r\n\t\t<div class=\"counter-content-bottom\">\r\n\t\t\t<p class=\"title\" style=\"color: #ffffff;font-size: 15px\">Completed Project<\/p>\r\n\t\t\t\r\n\t\t\t\r\n\t\t<\/div><\/div><\/div><\/div><\/div><div class=\"wpb_column vc_column_container vc_col-sm-4\"><div class=\"vc_column-inner\"><div class=\"wpb_wrapper\">\r\n\t\t<div class=\"themesflat_counter style1\">\r\n\t\t\r\n\t\t<div class=\"counter-content-top\">\r\n\t\t\t\r\n\t\t\t<span class=\"numb-count\" data-add_zero = \"0\" style=\"color: #ffffff; font-size:35px\" data-from=\"0\" data-to=\"10\" data-speed=\"2000\" data-waypoint-active=\"yes\">10<\/span>\r\n\t\t\t<span class=\"counter-icon\" style=\"color: #ffffff\"><span class=\"\"><\/span><\/span>\r\n\t\t\t<div class=\"counter-surfix\"><\/div>\r\n\t\t<\/div>\r\n\t\t<div class=\"counter-prefix\"><\/div>\r\n\t\t\r\n\t\t<div class=\"counter-content-bottom\">\r\n\t\t\t<p class=\"title\" style=\"color: #ffffff;font-size: 15px\">Ongoing Project<\/p>\r\n\t\t\t\r\n\t\t\t\r\n\t\t<\/div><\/div><\/div><\/div><\/div><\/div>\r\n\t\t<div class=\"themesflat-spacer\" data-desktop=\"0\" data-mobile=\"20\" data-smobile=\"20\">\t\t\t\r\n\t\t<\/div><\/div><\/div><\/div><\/div><div class=\"vc_row-full-width vc_clearfix\"><\/div><div data-vc-full-width=\"true\" data-vc-full-width-init=\"false\" class=\"vc_row wpb_row vc_row-fluid vc_custom_1527904867835 vc_row-has-fill\"><div class=\"row_overlay\" style=\"\"><\/div><div class=\"wpb_column vc_column_container vc_col-sm-12\"><div class=\"vc_column-inner\"><div class=\"wpb_wrapper\">\r\n\t\t<div class=\"themesflat-spacer\" data-desktop=\"90\" data-mobile=\"40\" data-smobile=\"30\">\t\t\t\r\n\t\t<\/div><div class=\"title-section center  center\">\r\n\t\t\r\n\t\t<h2 class=\"title\" style=\"\t\t\tfont-size: 42px;\t\t\tfont-weight: 400;\t\t\tline-height: 58px;\t\t\tcolor: #111111;\t\t\tmargin-bottom: 0px;\t\t\tletter-spacing: 0px;\t\t\">\r\n\t\t\tGeli\u015fmelerden <strong>Haberdar<strong> Olun\r\n\t\t<\/h2>\t\r\n\t\t<div class=\"title-line\"><\/div>\t\t\t\r\n\t\t\r\n\r\n\t<\/div>\r\n\t\t<div class=\"themesflat-spacer\" data-desktop=\"4\" data-mobile=\"4\" data-smobile=\"4\">\t\t\t\r\n\t\t<\/div>\n\t<div class=\"wpb_text_column wpb_content_element\" >\n\t\t<div class=\"wpb_wrapper\">\n\t\t\t<script>(function() {\n\twindow.mc4wp = window.mc4wp || {\n\t\tlisteners: [],\n\t\tforms: {\n\t\t\ton: function(evt, cb) {\n\t\t\t\twindow.mc4wp.listeners.push(\n\t\t\t\t\t{\n\t\t\t\t\t\tevent   : evt,\n\t\t\t\t\t\tcallback: cb\n\t\t\t\t\t}\n\t\t\t\t);\n\t\t\t}\n\t\t}\n\t}\n})();\n<\/script><!-- Mailchimp for WordPress v4.10.5 - https:\/\/wordpress.org\/plugins\/mailchimp-for-wp\/ --><form id=\"mc4wp-form-1\" class=\"mc4wp-form mc4wp-form-244\" method=\"post\" data-id=\"244\" data-name=\"\" action=\"\" ><div class=\"mc4wp-form-fields\"><div class=\"send-mailchimp\">\r\n<input type=\"email\" name=\"EMAIL\" placeholder=\"Enter Your Email address\" class=\"mc-input-email\" required \/>\r\n<input type=\"submit\" value=\"Subscribe\" class=\"mc-submit\" \/>\r\n<\/div><\/div><label style=\"display: none !important;\">Leave this field empty if you're human: <input type=\"text\" name=\"_mc4wp_honeypot\" value=\"\" tabindex=\"-1\" autocomplete=\"off\" \/><\/label><input type=\"hidden\" name=\"_mc4wp_timestamp\" value=\"1777558837\" \/><input type=\"hidden\" name=\"_mc4wp_form_id\" value=\"244\" \/><input type=\"hidden\" name=\"_mc4wp_form_element_id\" value=\"mc4wp-form-1\" \/><div class=\"mc4wp-response\"><\/div><input type=\"hidden\" name=\"trp-form-language\" value=\"en\"\/><\/form><!-- \/ Mailchimp for WordPress Plugin -->\n\n\t\t<\/div>\n\t<\/div>\n\r\n\t\t<div class=\"themesflat-spacer\" data-desktop=\"90\" data-mobile=\"40\" data-smobile=\"30\">\t\t\t\r\n\t\t<\/div><\/div><\/div><\/div><\/div><div class=\"vc_row-full-width vc_clearfix\"><\/div><div class=\"vc_row wpb_row vc_row-fluid themesflat_1777569636\"><div class=\"row_overlay\" style=\"\"><\/div><div class=\"wpb_column vc_column_container vc_col-sm-12\"><div class=\"vc_column-inner\"><div class=\"wpb_wrapper\">\n\t<div class=\"wpb_text_column wpb_content_element\" >\n\t\t<div class=\"wpb_wrapper\">\n\t\t\t<p><\/strong><\/p>\n\n\t\t<\/div>\n\t<\/div>\n<\/div><\/div><\/div><\/div><div class=\"vc_row wpb_row vc_row-fluid themesflat_1777569636\"><div class=\"row_overlay\" style=\"\"><\/div><div class=\"wpb_column vc_column_container vc_col-sm-12\"><div class=\"vc_column-inner\"><div class=\"wpb_wrapper\">\n\t<div class=\"wpb_text_column wpb_content_element\" >\n\t\t<div class=\"wpb_wrapper\">\n\t\t\t<p><\/strong><\/p>\n\n\t\t<\/div>\n\t<\/div>\n<\/div><\/div><\/div><\/div>\n<\/div>","protected":false},"excerpt":{"rendered":"[rev_slider_vc alias=\"home4\"] S\u00fcre\u00e7leri iyile\u015ftirir, gelece\u011fi bug\u00fcnden tasarlar. \u00c7\u00f6z\u00fcmlerimiz Yapay Zeka Kurumsal firmalar i\u00e7in geli\u015ftirdi\u011fimiz yapay zeka \u00e7\u00f6z\u00fcmleriyle \u00fcretkenli\u011fi art\u0131r\u0131yor, verileri anlamland\u0131r\u0131yor, projeler ve e\u011fitimlerle b\u00fct\u00fcnc\u00fcl hizmet sunuyoruz. End\u00fcstriyel Otomasyon Tasar\u0131m, imalat, yaz\u0131l\u0131m ve devreye alma s\u00fcre\u00e7lerinde entegre \u00e7\u00f6z\u00fcmler sunuyor, end\u00fcstriyel otomasyon sistemleriyle s\u00fcrd\u00fcr\u00fclebilir verimlilik ve kalite sa\u011fl\u0131yoruz. Yaz\u0131l\u0131m \u0130\u015fletmenizin dijital d\u00f6n\u00fc\u015f\u00fcm\u00fcn\u00fc h\u0131zland\u0131rmak i\u00e7in ihtiya\u00e7lar\u0131n\u0131za \u00f6zel yaz\u0131l\u0131mlar geli\u015ftiriyoruz. [...]","protected":false},"author":3,"featured_media":0,"parent":0,"menu_order":0,"comment_status":"closed","ping_status":"closed","template":"tpl\/front-page.php","meta":{"footnotes":""},"class_list":["post-821","page","type-page","status-publish","hentry"],"yoast_head":"<!-- This site is optimized with the Yoast SEO plugin v25.3 - https:\/\/yoast.com\/wordpress\/plugins\/seo\/ -->\n<title>\u00c7\u00f6z\u00fcmlerimiz_rv1 - Zekros M\u00fchendislik<\/title>\n<meta name=\"robots\" content=\"index, follow, max-snippet:-1, max-image-preview:large, max-video-preview:-1\" \/>\n<link rel=\"canonical\" href=\"https:\/\/zekros.com\/en\/solution\/\" \/>\n<meta property=\"og:locale\" content=\"en_US\" \/>\n<meta property=\"og:type\" content=\"article\" \/>\n<meta property=\"og:title\" content=\"\u00c7\u00f6z\u00fcmlerimiz_rv1 - Zekros M\u00fchendislik\" \/>\n<meta property=\"og:url\" content=\"https:\/\/zekros.com\/en\/solution\/\" \/>\n<meta property=\"og:site_name\" content=\"Zekros M\u00fchendislik\" \/>\n<meta property=\"article:modified_time\" content=\"2025-08-13T19:54:41+00:00\" \/>\n<meta name=\"twitter:card\" content=\"summary_large_image\" \/>\n<meta name=\"twitter:label1\" content=\"Est. reading time\" \/>\n\t<meta name=\"twitter:data1\" content=\"2 minutes\" \/>\n<script type=\"application\/ld+json\" class=\"yoast-schema-graph\">{\"@context\":\"https:\/\/schema.org\",\"@graph\":[{\"@type\":\"WebPage\",\"@id\":\"https:\/\/zekros.com\/solution\/\",\"url\":\"https:\/\/zekros.com\/solution\/\",\"name\":\"\u00c7\u00f6z\u00fcmlerimiz_rv1 - Zekros M\u00fchendislik\",\"isPartOf\":{\"@id\":\"https:\/\/zekros-8b8a29.ingress-alpha.ewp.live\/#website\"},\"datePublished\":\"2018-04-26T10:06:53+00:00\",\"dateModified\":\"2025-08-13T19:54:41+00:00\",\"breadcrumb\":{\"@id\":\"https:\/\/zekros.com\/solution\/#breadcrumb\"},\"inLanguage\":\"en-US\",\"potentialAction\":[{\"@type\":\"ReadAction\",\"target\":[\"https:\/\/zekros.com\/solution\/\"]}]},{\"@type\":\"BreadcrumbList\",\"@id\":\"https:\/\/zekros.com\/solution\/#breadcrumb\",\"itemListElement\":[{\"@type\":\"ListItem\",\"position\":1,\"name\":\"Home\",\"item\":\"https:\/\/zekros.com\/\"},{\"@type\":\"ListItem\",\"position\":2,\"name\":\"\u00c7\u00f6z\u00fcmlerimiz_rv1\"}]},{\"@type\":\"WebSite\",\"@id\":\"https:\/\/zekros-8b8a29.ingress-alpha.ewp.live\/#website\",\"url\":\"https:\/\/zekros-8b8a29.ingress-alpha.ewp.live\/\",\"name\":\"Zekros M\u00fchendislik\",\"description\":\"\",\"publisher\":{\"@id\":\"https:\/\/zekros-8b8a29.ingress-alpha.ewp.live\/#organization\"},\"potentialAction\":[{\"@type\":\"SearchAction\",\"target\":{\"@type\":\"EntryPoint\",\"urlTemplate\":\"https:\/\/zekros-8b8a29.ingress-alpha.ewp.live\/?s={search_term_string}\"},\"query-input\":{\"@type\":\"PropertyValueSpecification\",\"valueRequired\":true,\"valueName\":\"search_term_string\"}}],\"inLanguage\":\"en-US\"},{\"@type\":\"Organization\",\"@id\":\"https:\/\/zekros-8b8a29.ingress-alpha.ewp.live\/#organization\",\"name\":\"Zekros M\u00fchendislik\",\"url\":\"https:\/\/zekros-8b8a29.ingress-alpha.ewp.live\/\",\"logo\":{\"@type\":\"ImageObject\",\"inLanguage\":\"en-US\",\"@id\":\"https:\/\/zekros-8b8a29.ingress-alpha.ewp.live\/#\/schema\/logo\/image\/\",\"url\":\"https:\/\/zekros.com\/wp-content\/uploads\/2025\/07\/WhatsApp-Image-2025-07-05-at-15.jpg\",\"contentUrl\":\"https:\/\/zekros.com\/wp-content\/uploads\/2025\/07\/WhatsApp-Image-2025-07-05-at-15.jpg\",\"width\":190,\"height\":51,\"caption\":\"Zekros M\u00fchendislik\"},\"image\":{\"@id\":\"https:\/\/zekros-8b8a29.ingress-alpha.ewp.live\/#\/schema\/logo\/image\/\"},\"sameAs\":[\"https:\/\/www.linkedin.com\/company\/zekros\/?viewAsMember=true\"]}]}<\/script>\n<!-- \/ Yoast SEO plugin. -->","yoast_head_json":{"title":"\u00c7\u00f6z\u00fcmlerimiz_rv1 - Zekros M\u00fchendislik","robots":{"index":"index","follow":"follow","max-snippet":"max-snippet:-1","max-image-preview":"max-image-preview:large","max-video-preview":"max-video-preview:-1"},"canonical":"https:\/\/zekros.com\/en\/solution\/","og_locale":"en_US","og_type":"article","og_title":"\u00c7\u00f6z\u00fcmlerimiz_rv1 - Zekros M\u00fchendislik","og_url":"https:\/\/zekros.com\/en\/solution\/","og_site_name":"Zekros M\u00fchendislik","article_modified_time":"2025-08-13T19:54:41+00:00","twitter_card":"summary_large_image","twitter_misc":{"Est. reading time":"2 minutes"},"schema":{"@context":"https:\/\/schema.org","@graph":[{"@type":"WebPage","@id":"https:\/\/zekros.com\/solution\/","url":"https:\/\/zekros.com\/solution\/","name":"\u00c7\u00f6z\u00fcmlerimiz_rv1 - Zekros M\u00fchendislik","isPartOf":{"@id":"https:\/\/zekros-8b8a29.ingress-alpha.ewp.live\/#website"},"datePublished":"2018-04-26T10:06:53+00:00","dateModified":"2025-08-13T19:54:41+00:00","breadcrumb":{"@id":"https:\/\/zekros.com\/solution\/#breadcrumb"},"inLanguage":"en-US","potentialAction":[{"@type":"ReadAction","target":["https:\/\/zekros.com\/solution\/"]}]},{"@type":"BreadcrumbList","@id":"https:\/\/zekros.com\/solution\/#breadcrumb","itemListElement":[{"@type":"ListItem","position":1,"name":"Home","item":"https:\/\/zekros.com\/"},{"@type":"ListItem","position":2,"name":"\u00c7\u00f6z\u00fcmlerimiz_rv1"}]},{"@type":"WebSite","@id":"https:\/\/zekros-8b8a29.ingress-alpha.ewp.live\/#website","url":"https:\/\/zekros-8b8a29.ingress-alpha.ewp.live\/","name":"Zekros M\u00fchendislik","description":"","publisher":{"@id":"https:\/\/zekros-8b8a29.ingress-alpha.ewp.live\/#organization"},"potentialAction":[{"@type":"SearchAction","target":{"@type":"EntryPoint","urlTemplate":"https:\/\/zekros-8b8a29.ingress-alpha.ewp.live\/?s={search_term_string}"},"query-input":{"@type":"PropertyValueSpecification","valueRequired":true,"valueName":"search_term_string"}}],"inLanguage":"en-US"},{"@type":"Organization","@id":"https:\/\/zekros-8b8a29.ingress-alpha.ewp.live\/#organization","name":"Zekros M\u00fchendislik","url":"https:\/\/zekros-8b8a29.ingress-alpha.ewp.live\/","logo":{"@type":"ImageObject","inLanguage":"en-US","@id":"https:\/\/zekros-8b8a29.ingress-alpha.ewp.live\/#\/schema\/logo\/image\/","url":"https:\/\/zekros.com\/wp-content\/uploads\/2025\/07\/WhatsApp-Image-2025-07-05-at-15.jpg","contentUrl":"https:\/\/zekros.com\/wp-content\/uploads\/2025\/07\/WhatsApp-Image-2025-07-05-at-15.jpg","width":190,"height":51,"caption":"Zekros M\u00fchendislik"},"image":{"@id":"https:\/\/zekros-8b8a29.ingress-alpha.ewp.live\/#\/schema\/logo\/image\/"},"sameAs":["https:\/\/www.linkedin.com\/company\/zekros\/?viewAsMember=true"]}]}},"_links":{"self":[{"href":"https:\/\/zekros.com\/en\/wp-json\/wp\/v2\/pages\/821","targetHints":{"allow":["GET"]}}],"collection":[{"href":"https:\/\/zekros.com\/en\/wp-json\/wp\/v2\/pages"}],"about":[{"href":"https:\/\/zekros.com\/en\/wp-json\/wp\/v2\/types\/page"}],"author":[{"embeddable":true,"href":"https:\/\/zekros.com\/en\/wp-json\/wp\/v2\/users\/3"}],"replies":[{"embeddable":true,"href":"https:\/\/zekros.com\/en\/wp-json\/wp\/v2\/comments?post=821"}],"version-history":[{"count":5,"href":"https:\/\/zekros.com\/en\/wp-json\/wp\/v2\/pages\/821\/revisions"}],"predecessor-version":[{"id":2382,"href":"https:\/\/zekros.com\/en\/wp-json\/wp\/v2\/pages\/821\/revisions\/2382"}],"wp:attachment":[{"href":"https:\/\/zekros.com\/en\/wp-json\/wp\/v2\/media?parent=821"}],"curies":[{"name":"wp","href":"https:\/\/api.w.org\/{rel}","templated":true}]}}