{"id":491,"date":"2025-07-05T07:20:29","date_gmt":"2025-07-05T04:20:29","guid":{"rendered":"https:\/\/redbizwp.themesflat.co\/?page_id=491"},"modified":"2025-10-02T10:28:59","modified_gmt":"2025-10-02T07:28:59","slug":"contact","status":"publish","type":"page","link":"https:\/\/zekros.com\/en\/contact\/","title":{"rendered":"Contact"},"content":{"rendered":"<div class=\"wpb-content-wrapper\"><div data-vc-full-width=\"true\" data-vc-full-width-init=\"false\" class=\"vc_row wpb_row vc_row-fluid contact-form-icon themesflat_1524037221\"><div class=\"row_overlay\" style=\"\"><\/div><div class=\"wpb_column vc_column_container vc_col-sm-6\"><div class=\"vc_column-inner\"><div class=\"wpb_wrapper\"><div class=\"title-section   vc_custom_1751692327706 left\">\r\n\t\t\r\n\t\t<h2 class=\"title\" style=\"\t\t\tfont-size: 30px;\t\t\tfont-weight: 500;\t\t\tline-height: 48px;\t\t\tcolor: #111111;\t\t\tmargin-bottom: 2px;\t\t\tletter-spacing: 0px;\t\t\">\r\n\t\t\tBize Ula\u015f\u0131n\r\n\t\t<\/h2>\t\r\n\t\t<div class=\"title-line\"><\/div>\t\t\t\r\n\t\t\r\n\r\n\t<\/div><div class=\"vc_empty_space\"   style=\"height: 11px\"><span class=\"vc_empty_space_inner\"><\/span><\/div><div class=\"themesflat_iconbox themesflat_hover  inline-left style1 circle themesflat_1524036050\" >\r\n\t\t\r\n\t\t<div class=\"iconbox-icon\" style=\"width: 60px;height: 60px;background-color: #d21e2b\"><div class=\"icon\" style=\"width: 60px;height: 60px;background-color: #d21e2b\"><span class=\"fa fa-solid fa-phone\" style=\"line-height: 60px;color: #ffffff;font-size: 25px\"><\/span><\/div><\/div>\r\n\t\t\r\n\t\t<div class=\"iconbox-content\" style=\"\t\t\ttext-align: unset;\t\t\">\r\n\t\t\t<h4 class=\"title\" style=\"font-size: 18px;font-weight: 500;color: #111111\">Bizi Aray\u0131n<\/h4>\r\n\t\t\t\r\n\t\t\t<p><a href=\"tel:05535600058\">0553 560 00 58<\/a><\/p>\n\r\n\t\t\t\r\n\t\t<\/div>\r\n\t<\/div><div class=\"themesflat_iconbox themesflat_hover  inline-left style1 circle themesflat_1524036050\" >\r\n\t\t\r\n\t\t<div class=\"iconbox-icon\" style=\"width: 60px;height: 60px;background-color: #d21e2b\"><div class=\"icon\" style=\"width: 60px;height: 60px;background-color: #d21e2b\"><span class=\"fa fa-regular fa-envelope-open\" style=\"line-height: 60px;color: #ffffff;font-size: 25px\"><\/span><\/div><\/div>\r\n\t\t\r\n\t\t<div class=\"iconbox-content\" style=\"\t\t\ttext-align: unset;\t\t\">\r\n\t\t\t<h4 class=\"title\" style=\"font-size: 18px;font-weight: 500;color: #111111\">E-posta<\/h4>\r\n\t\t\t\r\n\t\t\t<p>info@zekros.com<\/p>\n\r\n\t\t\t\r\n\t\t<\/div>\r\n\t<\/div><div class=\"themesflat_iconbox themesflat_hover  inline-left style1 circle themesflat_1524036050\" >\r\n\t\t\r\n\t\t<div class=\"iconbox-icon\" style=\"width: 60px;height: 60px;background-color: #d21e2b\"><div class=\"icon\" style=\"width: 60px;height: 60px;background-color: #d21e2b\"><span class=\"fa fa-solid fa-building\" style=\"line-height: 60px;color: #ffffff;font-size: 25px\"><\/span><\/div><\/div>\r\n\t\t\r\n\t\t<div class=\"iconbox-content\" style=\"\t\t\ttext-align: unset;\t\t\">\r\n\t\t\t<h4 class=\"title\" style=\"font-size: 18px;font-weight: 500;color: #111111\">Adres<\/h4>\r\n\t\t\t\r\n\t\t\t<p>\u0130nci Tower \u00c7\u0131narl\u0131 Mah.\u00a0 1563 Sok. \u00a0No:2 \/1 Daire:103 Kat:1\u00a0 Konak-\u0130zmir-T\u00fcrkiye<\/p>\n\r\n\t\t\t\r\n\t\t<\/div>\r\n\t<\/div><div class=\"themesflat_iconbox themesflat_hover  inline-left style1 circle themesflat_1524036050\" >\r\n\t\t\r\n\t\t<div class=\"iconbox-icon\" style=\"width: 60px;height: 60px;background-color: #d21e2b\"><div class=\"icon\" style=\"width: 60px;height: 60px;background-color: #d21e2b\"><span class=\"fa fa-solid fa-clock\" style=\"line-height: 60px;color: #ffffff;font-size: 25px\"><\/span><\/div><\/div>\r\n\t\t\r\n\t\t<div class=\"iconbox-content\" style=\"\t\t\ttext-align: unset;\t\t\">\r\n\t\t\t<h4 class=\"title\" style=\"font-size: 18px;font-weight: 500;color: #111111\">\u00c7al\u0131\u015fma Saatleri<\/h4>\r\n\t\t\t\r\n\t\t\t<p>Pzt &#8211; Cum 08:00 &#8211; 18:00<\/p>\n\r\n\t\t\t\r\n\t\t<\/div>\r\n\t<\/div><\/div><\/div><\/div><div class=\"wpb_column vc_column_container vc_col-sm-6\"><div class=\"vc_column-inner\"><div class=\"wpb_wrapper\">\n\t<div class=\"wpb_text_column wpb_content_element\" >\n\t\t<div class=\"wpb_wrapper\">\n\t\t\t<div class=\"forminator-ui forminator-custom-form forminator-custom-form-2452 forminator-design--bold forminator-custom forminator_ajax\" data-forminator-render=\"0\" data-form=\"forminator-module-2452\" data-uid=\"69f364722d821\"><br\/><\/div><form\n\t\t\t\tid=\"forminator-module-2452\"\n\t\t\t\tclass=\"forminator-ui forminator-custom-form forminator-custom-form-2452 forminator-design--bold forminator-custom forminator_ajax\"\n\t\t\t\tmethod=\"post\"\n\t\t\t\tdata-forminator-render=\"0\"\n\t\t\t\tdata-form-id=\"2452\"\n\t\t\t\t\n\t\t\t\tdata-design=\"bold\"\n\t\t\t\tdata-color-option=\"default\"\n\t\t\t\t\n\t\t\t\t\n\t\t\t\t\n\t\t\t\tdata-grid=\"custom\"\n\t\t\t\tenctype=\"multipart\/form-data\"\n\t\t\t\t\n\t\t\t\tstyle=\"display: none;\"\n\t\t\t\t\n\t\t\t\tdata-uid=\"69f364722d821\" action=\"\"\n\t\t\t><div role=\"alert\" aria-live=\"polite\" class=\"forminator-response-message forminator-error\" aria-hidden=\"true\"><\/div><div class=\"forminator-row\"><div id=\"name-1\" class=\"forminator-field-name forminator-col forminator-col-12\"><div class=\"forminator-field\"><label for=\"forminator-field-name-1_69f364722d821\" id=\"forminator-field-name-1_69f364722d821-label\" class=\"forminator-label\">Name Surname <span class=\"forminator-required\">*<\/span><\/label><input type=\"text\" name=\"name-1\" value=\"\" placeholder=\"\" id=\"forminator-field-name-1_69f364722d821\" class=\"forminator-input forminator-name--field\" aria-required=\"true\" \/><\/div><\/div><\/div><div class=\"forminator-row\"><div id=\"email-1\" class=\"forminator-field-email forminator-col forminator-col-6\"><div class=\"forminator-field\"><label for=\"forminator-field-email-1_69f364722d821\" id=\"forminator-field-email-1_69f364722d821-label\" class=\"forminator-label\">E-posta <span class=\"forminator-required\">*<\/span><\/label><input type=\"email\" name=\"email-1\" value=\"\" placeholder=\"\" id=\"forminator-field-email-1_69f364722d821\" class=\"forminator-input forminator-email--field\" data-required=\"1\" aria-required=\"true\" \/><\/div><\/div><div id=\"phone-1\" class=\"forminator-field-phone forminator-col forminator-col-6\"><div class=\"forminator-field\"><label for=\"forminator-field-phone-1_69f364722d821\" id=\"forminator-field-phone-1_69f364722d821-label\" class=\"forminator-label\">Phone Number <span class=\"forminator-required\">*<\/span><\/label><input type=\"text\" name=\"phone-1\" value=\"\" placeholder=\"\" id=\"forminator-field-phone-1_69f364722d821\" class=\"forminator-input forminator-field--phone\" data-required=\"1\" aria-required=\"true\" autocomplete=\"off\" \/><\/div><\/div><\/div><div class=\"forminator-row\"><div id=\"address-1\" class=\"forminator-field-address forminator-col forminator-col-12\"><div class=\"forminator-row\"><div id=\"address-1-street_address\" class=\"forminator-col\"><div class=\"forminator-field\"><label for=\"forminator-field-address-1-street_address_69f364722d821\" id=\"forminator-field-address-1-street_address_69f364722d821-label\" class=\"forminator-label\">Adres<\/label><input type=\"text\" name=\"address-1-street_address\" placeholder=\"\" id=\"forminator-field-address-1-street_address_69f364722d821\" class=\"forminator-input\" data-required=\"\" aria-required=\"false\" value=\"\" \/><\/div><\/div><\/div><\/div><\/div><div class=\"forminator-row\"><div id=\"radio-1\" class=\"forminator-field-radio forminator-col forminator-col-12\"><div role=\"radiogroup\" class=\"forminator-field\" aria-labelledby=\"forminator-radiogroup-radio-1-69f364722d821-label\"><span id=\"forminator-radiogroup-radio-1-69f364722d821-label\" class=\"forminator-label\">Konu<\/span><label id=\"forminator-field-radio-1-label-1\" for=\"forminator-field-radio-1-1-69f364722d821\" class=\"forminator-radio forminator-radio-inline\" title=\"Genel\"><input type=\"radio\" name=\"radio-1\" value=\"one\" id=\"forminator-field-radio-1-1-69f364722d821\" aria-labelledby=\"forminator-field-radio-1-label-1\" data-calculation=\"0\"   data-hidden-behavior=\"zero\"\/><span class=\"forminator-radio-bullet\" aria-hidden=\"true\"><\/span><span class=\"forminator-radio-label\">Genel<\/span><\/label><label id=\"forminator-field-radio-1-label-2\" for=\"forminator-field-radio-1-2-69f364722d821\" class=\"forminator-radio forminator-radio-inline\" title=\"Yard\u0131m\"><input type=\"radio\" name=\"radio-1\" value=\"two\" id=\"forminator-field-radio-1-2-69f364722d821\" aria-labelledby=\"forminator-field-radio-1-label-2\" data-calculation=\"0\"   data-hidden-behavior=\"zero\"\/><span class=\"forminator-radio-bullet\" aria-hidden=\"true\"><\/span><span class=\"forminator-radio-label\">Yard\u0131m<\/span><\/label><label id=\"forminator-field-radio-1-label-3\" for=\"forminator-field-radio-1-3-69f364722d821\" class=\"forminator-radio forminator-radio-inline\" title=\"Ba\u015fvuru\"><input type=\"radio\" name=\"radio-1\" value=\"Service-Correction\" id=\"forminator-field-radio-1-3-69f364722d821\" aria-labelledby=\"forminator-field-radio-1-label-3\" data-calculation=\"0\"   data-hidden-behavior=\"zero\"\/><span class=\"forminator-radio-bullet\" aria-hidden=\"true\"><\/span><span class=\"forminator-radio-label\">Ba\u015fvuru<\/span><\/label><\/div><\/div><\/div><div class=\"forminator-row\"><div id=\"upload-1\" class=\"forminator-field-upload forminator-col forminator-col-12\"><div class=\"forminator-field\"><label for=\"forminator-field-upload-1_69f364722d821\" id=\"forminator-field-upload-1_69f364722d821-label\" class=\"forminator-label\">Upload file<\/label><div class=\"forminator-file-upload\" data-element=\"upload-1_69f364722d821\"><input type=\"file\" name=\"upload-1\" id=\"forminator-field-upload-1_69f364722d821\" class=\"forminator-input-file\" accept=\".jpg,.jpeg,.jpe,.gif,.png,.bmp,.tiff,.tif,.webp,.ico,.heic,.asf,.asx,.wmv,.wmx,.wm,.avi,.divx,.flv,.mov,.qt,.mpeg,.mpg,.mpe,.mp4,.m4v,.ogv,.webm,.mkv,.3gp,.3gpp,.3g2,.3gp2,.txt,.asc,.c,.cc,.h,.srt,.csv,.tsv,.ics,.rtx,.vtt,.mp3,.m4a,.m4b,.aac,.ra,.ram,.wav,.ogg,.oga,.flac,.mid,.midi,.wma,.wax,.mka,.rtf,.pdf,.class,.tar,.zip,.gz,.gzip,.7z,.psd,.xcf,.doc,.pot,.pps,.ppt,.wri,.xla,.xls,.xlt,.xlw,.mdb,.mpp,.docx,.docm,.dotx,.dotm,.xlsx,.xlsm,.xlsb,.xltx,.xltm,.xlam,.pptx,.pptm,.ppsx,.ppsm,.potx,.potm,.ppam,.sldx,.sldm,.onetoc,.onetoc2,.onetmp,.onepkg,.oxps,.xps,.odt,.odp,.ods,.odg,.odc,.odb,.odf,.wp,.wpd,.key,.numbers,.pages\" tabindex=\"-1\"><button id=\"forminator-field-upload-1_69f364722d821_button\" class=\"forminator-button forminator-button-upload\" data-id=\"forminator-field-upload-1_69f364722d821\">Choose File<\/button><span data-empty-text=\"No file chosen\">No file chosen<\/span><button class=\"forminator-button-delete\" style=\"display: none;\"><i class=\"forminator-icon-close\" aria-hidden=\"true\"><\/i><span class=\"forminator-screen-reader-only\">Delete uploaded file<\/span><\/button><\/div><\/div><\/div><\/div><div class=\"forminator-row\"><div id=\"textarea-2\" class=\"forminator-field-textarea forminator-col forminator-col-12\"><div class=\"forminator-field\"><label for=\"forminator-field-textarea-2_69f364722d821\" id=\"forminator-field-textarea-2_69f364722d821-label\" class=\"forminator-label\">Ek Yorumlar (Opsiyonel)<\/label><textarea name=\"textarea-2\" placeholder=\"\" id=\"forminator-field-textarea-2_69f364722d821\" class=\"forminator-textarea\" rows=\"6\" style=\"min-height:140px;\" ><\/textarea><\/div><\/div><\/div><div class=\"forminator-row\"><div id=\"consent-1\" class=\"forminator-field-consent forminator-col forminator-col-12\"><div class=\"forminator-field\"><label for=\"forminator-field-consent-1_69f364722d821\" id=\"forminator-field-consent-1_69f364722d821-label\" class=\"forminator-label\">Onay <span class=\"forminator-required\">*<\/span><\/label><div class=\"forminator-checkbox__wrapper\"><label id=\"forminator-field-consent-1_69f364722d821__label\" class=\"forminator-checkbox forminator-consent\" aria-labelledby=\"forminator-field-consent-1_69f364722d821-label\" aria-hidden=\"true\"><input type=\"checkbox\" name=\"consent-1\" id=\"forminator-field-consent-1_69f364722d821\" value=\"checked\" aria-labelledby=\"forminator-field-consent-1_69f364722d821-label\" aria-describedby=\"forminator-field-consent-1_69f364722d821__description\" data-required=\"true\" aria-required=\"true\" \/><span class=\"forminator-checkbox-box\" aria-hidden=\"true\"><\/span><\/label><div id=\"forminator-field-consent-1_69f364722d821__description\" class=\"forminator-checkbox__label forminator-consent__label\"><p>\u0130leti\u015fim formunda payla\u015ft\u0131\u011f\u0131m ki\u015fisel verilerin do\u011fru oldu\u011funu ve KVKK Ayd\u0131nlatma Metni kapsam\u0131nda i\u015flenmesine onay verdi\u011fimi kabul ediyorum.<\/p><\/div><\/div><\/div><\/div><\/div><input type=\"hidden\" name=\"referer_url\" value=\"\" \/><div class=\"forminator-row forminator-row-last\"><div class=\"forminator-col\"><div class=\"forminator-field\"><button class=\"forminator-button forminator-button-submit\">Submit Complaint<\/button><\/div><\/div><\/div><input type=\"hidden\" id=\"forminator_nonce\" name=\"forminator_nonce\" value=\"e3eefe1b3a\" \/><input type=\"hidden\" name=\"_wp_http_referer\" value=\"\/en\/wp-json\/wp\/v2\/pages\/491\" \/><input type=\"hidden\" name=\"form_id\" value=\"2452\"><input type=\"hidden\" name=\"page_id\" value=\"491\"><input type=\"hidden\" name=\"form_type\" value=\"default\"><input type=\"hidden\" name=\"current_url\" value=\"https:\/\/zekros.com\/en\/contact\/\"><input type=\"hidden\" name=\"render_id\" value=\"0\"><input type=\"hidden\" name=\"action\" value=\"forminator_submit_form_custom-forms\"><input type=\"hidden\" name=\"trp-form-language\" value=\"en\"\/><\/form>\n\n\t\t<\/div>\n\t<\/div>\n<\/div><\/div><\/div><\/div><div class=\"vc_row-full-width vc_clearfix\"><\/div><div class=\"vc_row wpb_row vc_row-fluid themesflat_1777569441\"><div class=\"row_overlay\" style=\"\"><\/div><div class=\"wpb_column vc_column_container vc_col-sm-12\"><div class=\"vc_column-inner\"><div class=\"wpb_wrapper\">\r\n\t\t<div class=\"themesflat-spacer\" data-desktop=\"106\" data-mobile=\"40\" data-smobile=\"30\">\t\t\t\r\n\t\t<\/div><\/div><\/div><\/div><\/div><div data-vc-full-width=\"true\" data-vc-full-width-init=\"false\" data-vc-stretch-content=\"true\" class=\"vc_row wpb_row vc_row-fluid themesflat_1524036819 vc_row-no-padding\"><div class=\"row_overlay\" style=\"\"><\/div><div class=\"wpb_column vc_column_container vc_col-sm-12\"><div class=\"vc_column-inner\"><div class=\"wpb_wrapper\"><div class=\"wpb_gmaps_widget wpb_content_element vc_map_responsive\"><div class=\"wpb_wrapper\"><div class=\"wpb_map_wraper\"><iframe loading=\"lazy\" src=\"https:\/\/maps.google.com\/maps?q=%C4%B0nci%20Tower%20%C3%87%C4%B1narl%C4%B1%20Mah.%201563%20Sok.%20No%3A2%20%2F1%20Daire%3A103%20Kat%3A1%20Konak-%C4%B0zmir&#038;t=m&#038;z=15&#038;output=embed&#038;iwloc=near\" title=\"\u0130nci Tower \u00c7\u0131narl\u0131 Mah. 1563 Sok. No:2 \/1 Daire:103 Kat:1 Konak-\u0130zmir\" aria-label=\"\u0130nci Tower \u00c7\u0131narl\u0131 Mah. 1563 Sok. No:2 \/1 Daire:103 Kat:1 Konak-\u0130zmir\" ><\/iframe><\/div><\/div><\/div><\/div><\/div><\/div><\/div><div class=\"vc_row-full-width vc_clearfix\"><\/div>\n<\/div>","protected":false},"excerpt":{"rendered":"Bize Ula\u015f\u0131n Bizi Aray\u0131n 0553 560 00 58 E-posta info@zekros.com Adres \u0130nci Tower \u00c7\u0131narl\u0131 Mah.\u00a0 1563 Sok. \u00a0No:2 \/1 Daire:103 Kat:1\u00a0 Konak-\u0130zmir-T\u00fcrkiye \u00c7al\u0131\u015fma Saatleri Pzt - Cum 08:00 - 18:00 Ad Soyad *E-posta *Telefon Numaras\u0131 *AdresKonuGenelYard\u0131mBa\u015fvuruUpload fileChoose FileNo file chosenDelete uploaded fileEk Yorumlar (Opsiyonel)Onay *\u0130leti\u015fim formunda payla\u015ft\u0131\u011f\u0131m ki\u015fisel verilerin do\u011fru oldu\u011funu ve KVKK Ayd\u0131nlatma Metni kapsam\u0131nda i\u015flenmesine [...]","protected":false},"author":3,"featured_media":0,"parent":0,"menu_order":0,"comment_status":"closed","ping_status":"closed","template":"tpl\/page_fullwidth.php","meta":{"footnotes":""},"class_list":["post-491","page","type-page","status-publish","hentry"],"yoast_head":"<!-- This site is optimized with the Yoast SEO plugin v25.3 - https:\/\/yoast.com\/wordpress\/plugins\/seo\/ -->\n<title>Contact - Zekros M\u00fchendislik<\/title>\n<meta name=\"robots\" content=\"index, follow, max-snippet:-1, max-image-preview:large, max-video-preview:-1\" \/>\n<link rel=\"canonical\" href=\"https:\/\/zekros.com\/en\/contact\/\" \/>\n<meta property=\"og:locale\" content=\"en_US\" \/>\n<meta property=\"og:type\" content=\"article\" \/>\n<meta property=\"og:title\" content=\"Contact - Zekros M\u00fchendislik\" \/>\n<meta property=\"og:url\" content=\"https:\/\/zekros.com\/en\/contact\/\" \/>\n<meta property=\"og:site_name\" content=\"Zekros M\u00fchendislik\" \/>\n<meta property=\"article:modified_time\" content=\"2025-10-02T07:28:59+00:00\" \/>\n<meta name=\"twitter:card\" content=\"summary_large_image\" \/>\n<meta name=\"twitter:label1\" content=\"Est. reading time\" \/>\n\t<meta name=\"twitter:data1\" content=\"1 minute\" \/>\n<script type=\"application\/ld+json\" class=\"yoast-schema-graph\">{\"@context\":\"https:\/\/schema.org\",\"@graph\":[{\"@type\":\"WebPage\",\"@id\":\"https:\/\/zekros.com\/contact\/\",\"url\":\"https:\/\/zekros.com\/contact\/\",\"name\":\"Contact - Zekros M\u00fchendislik\",\"isPartOf\":{\"@id\":\"https:\/\/zekros-8b8a29.ingress-alpha.ewp.live\/#website\"},\"datePublished\":\"2025-07-05T04:20:29+00:00\",\"dateModified\":\"2025-10-02T07:28:59+00:00\",\"breadcrumb\":{\"@id\":\"https:\/\/zekros.com\/contact\/#breadcrumb\"},\"inLanguage\":\"en-US\",\"potentialAction\":[{\"@type\":\"ReadAction\",\"target\":[\"https:\/\/zekros.com\/contact\/\"]}]},{\"@type\":\"BreadcrumbList\",\"@id\":\"https:\/\/zekros.com\/contact\/#breadcrumb\",\"itemListElement\":[{\"@type\":\"ListItem\",\"position\":1,\"name\":\"Home\",\"item\":\"https:\/\/zekros.com\/\"},{\"@type\":\"ListItem\",\"position\":2,\"name\":\"Contact\"}]},{\"@type\":\"WebSite\",\"@id\":\"https:\/\/zekros-8b8a29.ingress-alpha.ewp.live\/#website\",\"url\":\"https:\/\/zekros-8b8a29.ingress-alpha.ewp.live\/\",\"name\":\"Zekros M\u00fchendislik\",\"description\":\"\",\"publisher\":{\"@id\":\"https:\/\/zekros-8b8a29.ingress-alpha.ewp.live\/#organization\"},\"potentialAction\":[{\"@type\":\"SearchAction\",\"target\":{\"@type\":\"EntryPoint\",\"urlTemplate\":\"https:\/\/zekros-8b8a29.ingress-alpha.ewp.live\/?s={search_term_string}\"},\"query-input\":{\"@type\":\"PropertyValueSpecification\",\"valueRequired\":true,\"valueName\":\"search_term_string\"}}],\"inLanguage\":\"en-US\"},{\"@type\":\"Organization\",\"@id\":\"https:\/\/zekros-8b8a29.ingress-alpha.ewp.live\/#organization\",\"name\":\"Zekros M\u00fchendislik\",\"url\":\"https:\/\/zekros-8b8a29.ingress-alpha.ewp.live\/\",\"logo\":{\"@type\":\"ImageObject\",\"inLanguage\":\"en-US\",\"@id\":\"https:\/\/zekros-8b8a29.ingress-alpha.ewp.live\/#\/schema\/logo\/image\/\",\"url\":\"https:\/\/zekros.com\/wp-content\/uploads\/2025\/07\/WhatsApp-Image-2025-07-05-at-15.jpg\",\"contentUrl\":\"https:\/\/zekros.com\/wp-content\/uploads\/2025\/07\/WhatsApp-Image-2025-07-05-at-15.jpg\",\"width\":190,\"height\":51,\"caption\":\"Zekros M\u00fchendislik\"},\"image\":{\"@id\":\"https:\/\/zekros-8b8a29.ingress-alpha.ewp.live\/#\/schema\/logo\/image\/\"},\"sameAs\":[\"https:\/\/www.linkedin.com\/company\/zekros\/?viewAsMember=true\"]}]}<\/script>\n<!-- \/ Yoast SEO plugin. -->","yoast_head_json":{"title":"Contact - Zekros M\u00fchendislik","robots":{"index":"index","follow":"follow","max-snippet":"max-snippet:-1","max-image-preview":"max-image-preview:large","max-video-preview":"max-video-preview:-1"},"canonical":"https:\/\/zekros.com\/en\/contact\/","og_locale":"en_US","og_type":"article","og_title":"Contact - Zekros M\u00fchendislik","og_url":"https:\/\/zekros.com\/en\/contact\/","og_site_name":"Zekros M\u00fchendislik","article_modified_time":"2025-10-02T07:28:59+00:00","twitter_card":"summary_large_image","twitter_misc":{"Est. reading time":"1 minute"},"schema":{"@context":"https:\/\/schema.org","@graph":[{"@type":"WebPage","@id":"https:\/\/zekros.com\/contact\/","url":"https:\/\/zekros.com\/contact\/","name":"Contact - Zekros M\u00fchendislik","isPartOf":{"@id":"https:\/\/zekros-8b8a29.ingress-alpha.ewp.live\/#website"},"datePublished":"2025-07-05T04:20:29+00:00","dateModified":"2025-10-02T07:28:59+00:00","breadcrumb":{"@id":"https:\/\/zekros.com\/contact\/#breadcrumb"},"inLanguage":"en-US","potentialAction":[{"@type":"ReadAction","target":["https:\/\/zekros.com\/contact\/"]}]},{"@type":"BreadcrumbList","@id":"https:\/\/zekros.com\/contact\/#breadcrumb","itemListElement":[{"@type":"ListItem","position":1,"name":"Home","item":"https:\/\/zekros.com\/"},{"@type":"ListItem","position":2,"name":"Contact"}]},{"@type":"WebSite","@id":"https:\/\/zekros-8b8a29.ingress-alpha.ewp.live\/#website","url":"https:\/\/zekros-8b8a29.ingress-alpha.ewp.live\/","name":"Zekros M\u00fchendislik","description":"","publisher":{"@id":"https:\/\/zekros-8b8a29.ingress-alpha.ewp.live\/#organization"},"potentialAction":[{"@type":"SearchAction","target":{"@type":"EntryPoint","urlTemplate":"https:\/\/zekros-8b8a29.ingress-alpha.ewp.live\/?s={search_term_string}"},"query-input":{"@type":"PropertyValueSpecification","valueRequired":true,"valueName":"search_term_string"}}],"inLanguage":"en-US"},{"@type":"Organization","@id":"https:\/\/zekros-8b8a29.ingress-alpha.ewp.live\/#organization","name":"Zekros M\u00fchendislik","url":"https:\/\/zekros-8b8a29.ingress-alpha.ewp.live\/","logo":{"@type":"ImageObject","inLanguage":"en-US","@id":"https:\/\/zekros-8b8a29.ingress-alpha.ewp.live\/#\/schema\/logo\/image\/","url":"https:\/\/zekros.com\/wp-content\/uploads\/2025\/07\/WhatsApp-Image-2025-07-05-at-15.jpg","contentUrl":"https:\/\/zekros.com\/wp-content\/uploads\/2025\/07\/WhatsApp-Image-2025-07-05-at-15.jpg","width":190,"height":51,"caption":"Zekros M\u00fchendislik"},"image":{"@id":"https:\/\/zekros-8b8a29.ingress-alpha.ewp.live\/#\/schema\/logo\/image\/"},"sameAs":["https:\/\/www.linkedin.com\/company\/zekros\/?viewAsMember=true"]}]}},"_links":{"self":[{"href":"https:\/\/zekros.com\/en\/wp-json\/wp\/v2\/pages\/491","targetHints":{"allow":["GET"]}}],"collection":[{"href":"https:\/\/zekros.com\/en\/wp-json\/wp\/v2\/pages"}],"about":[{"href":"https:\/\/zekros.com\/en\/wp-json\/wp\/v2\/types\/page"}],"author":[{"embeddable":true,"href":"https:\/\/zekros.com\/en\/wp-json\/wp\/v2\/users\/3"}],"replies":[{"embeddable":true,"href":"https:\/\/zekros.com\/en\/wp-json\/wp\/v2\/comments?post=491"}],"version-history":[{"count":5,"href":"https:\/\/zekros.com\/en\/wp-json\/wp\/v2\/pages\/491\/revisions"}],"predecessor-version":[{"id":2463,"href":"https:\/\/zekros.com\/en\/wp-json\/wp\/v2\/pages\/491\/revisions\/2463"}],"wp:attachment":[{"href":"https:\/\/zekros.com\/en\/wp-json\/wp\/v2\/media?parent=491"}],"curies":[{"name":"wp","href":"https:\/\/api.w.org\/{rel}","templated":true}]}}