{"id":258,"date":"2025-05-13T05:02:40","date_gmt":"2025-05-13T02:02:40","guid":{"rendered":"https:\/\/redbizwp.themesflat.co\/?page_id=258"},"modified":"2025-07-30T23:08:43","modified_gmt":"2025-07-30T20:08:43","slug":"about","status":"publish","type":"page","link":"https:\/\/zekros.com\/en\/about\/","title":{"rendered":"About"},"content":{"rendered":"<div class=\"wpb-content-wrapper\"><div class=\"vc_row wpb_row vc_row-fluid themesflat_1777570049\"><div class=\"row_overlay\" style=\"\"><\/div><div class=\"wpb_column vc_column_container vc_col-sm-12\"><div class=\"vc_column-inner\"><div class=\"wpb_wrapper\"><div class=\"vc_row wpb_row vc_inner vc_row-fluid\"><div class=\"wpb_column vc_column_container vc_col-sm-6\"><div class=\"vc_column-inner\"><div class=\"wpb_wrapper\"><div class=\"title-section   left\">\r\n\t\t\r\n\t\t<h2 class=\"title\" style=\"\t\t\tfont-size: 30px;\t\t\tfont-weight: 500;\t\t\tline-height: 48px;\t\t\tcolor: #111111;\t\t\tmargin-bottom: 2px;\t\t\tletter-spacing: 0px;\t\t\">\r\n\t\t\tVizyonumuz\r\n\t\t<\/h2>\t\r\n\t\t<div class=\"title-line\"><\/div>\t\t\t\r\n\t\t\r\n\t\t\t<div class=\"title-content\" style=\"\t\t\tfont-size: 15px;\t\t\tline-height: 30px;\t\t\tcolor: #999999;\t\t\tfont-weight: 400;\t\t\tletter-spacing: 0px;\t\t\">\r\n\t\t\t\t<p>Zekros M\u00fchendislik olarak vizyonumuz; s\u00fcrekli geli\u015fen teknoloji d\u00fcnyas\u0131nda, yapay zek\u00e2 destekli m\u00fchendislik \u00e7\u00f6z\u00fcmleriyle yaz\u0131l\u0131m ve end\u00fcstriyel otomasyon alanlar\u0131nda sekt\u00f6re y\u00f6n veren bir lider olmakt\u0131r.<\/p>\n\r\n\t\t\t<\/div>\r\n\r\n\t<\/div>\n\t<div class=\"wpb_text_column wpb_content_element\" >\n\t\t<div class=\"wpb_wrapper\">\n\t\t\t<p data-start=\"387\" data-end=\"668\">Farkl\u0131 sekt\u00f6rlerin ihtiya\u00e7lar\u0131n\u0131 analiz ederek, kurumlara \u00f6zel yaz\u0131l\u0131m geli\u015ftirme ve end\u00fcstriyel otomasyon projelerinde anahtar teslim \u00e7\u00f6z\u00fcmler sunar\u0131z. T\u00fcm i\u015f kollar\u0131m\u0131za entegre etti\u011fimiz yapay zek\u00e2 teknolojileri sayesinde, s\u00fcre\u00e7leri daha ak\u0131ll\u0131, esnek ve verimli hale getiririz.<\/p>\n<p data-start=\"670\" data-end=\"905\">Amac\u0131m\u0131z; yaln\u0131zca bug\u00fcn\u00fcn de\u011fil, gelece\u011fin m\u00fchendislik ihtiya\u00e7lar\u0131na da cevap verebilen, g\u00fcvenilir ve s\u00fcrd\u00fcr\u00fclebilir teknolojiler \u00fcretmek; m\u00fc\u015fteri memnuniyetini en \u00fcst d\u00fczeyde tutarak, Zekros\u2019a duyulan g\u00fcveni daima ileriye ta\u015f\u0131makt\u0131r.<\/p>\n\n\t\t<\/div>\n\t<\/div>\n\r\n\t\t<div class=\"themesflat-spacer\" data-desktop=\"0\" data-mobile=\"30\" data-smobile=\"30\">\t\t\t\r\n\t\t<\/div><\/div><\/div><\/div><div class=\"wpb_column vc_column_container vc_col-sm-6\"><div class=\"vc_column-inner\"><div class=\"wpb_wrapper\">\n\t<div  class=\"wpb_single_image wpb_content_element vc_align_left wpb_content_element  rounded-border shadow-primary\">\n\t\t\n\t\t<figure class=\"wpb_wrapper vc_figure\">\n\t\t\t<div class=\"vc_single_image-wrapper   vc_box_border_grey\"><img loading=\"lazy\" decoding=\"async\" width=\"1024\" height=\"1024\" src=\"https:\/\/zekros.com\/wp-content\/uploads\/2025\/07\/site.png\" class=\"vc_single_image-img attachment-full\" alt=\"\" title=\"site\" srcset=\"https:\/\/zekros.com\/wp-content\/uploads\/2025\/07\/site.png 1024w, https:\/\/zekros.com\/wp-content\/uploads\/2025\/07\/site-300x300.png 300w, https:\/\/zekros.com\/wp-content\/uploads\/2025\/07\/site-100x100.png 100w, https:\/\/zekros.com\/wp-content\/uploads\/2025\/07\/site-600x600.png 600w, https:\/\/zekros.com\/wp-content\/uploads\/2025\/07\/site-150x150.png 150w, https:\/\/zekros.com\/wp-content\/uploads\/2025\/07\/site-768x768.png 768w, https:\/\/zekros.com\/wp-content\/uploads\/2025\/07\/site-132x132.png 132w, https:\/\/zekros.com\/wp-content\/uploads\/2025\/07\/site-750x750.png 750w, https:\/\/zekros.com\/wp-content\/uploads\/2025\/07\/site-74x74.png 74w\" sizes=\"auto, (max-width: 1024px) 100vw, 1024px\" \/><\/div>\n\t\t<\/figure>\n\t<\/div>\n<\/div><\/div><\/div><\/div>\r\n\t\t<div class=\"themesflat-spacer\" data-desktop=\"76\" data-mobile=\"40\" data-smobile=\"30\">\t\t\t\r\n\t\t<\/div><\/div><\/div><\/div><\/div><div data-vc-full-width=\"true\" data-vc-full-width-init=\"false\" class=\"vc_row wpb_row vc_row-fluid vc_custom_1525492600741 vc_row-has-fill\"><div class=\"row_overlay\" style=\"\"><\/div><div class=\"wpb_column vc_column_container vc_col-sm-5\"><div class=\"vc_column-inner\"><div class=\"wpb_wrapper\"><\/div><\/div><\/div><div class=\"wpb_column vc_column_container vc_col-sm-12 vc_col-lg-7 vc_col-md-12\"><div class=\"vc_column-inner\"><div class=\"wpb_wrapper\">\r\n\t\t<div class=\"themesflat-spacer\" data-desktop=\"76\" data-mobile=\"40\" data-smobile=\"30\">\t\t\t\r\n\t\t<\/div><div class=\"title-section left  left\">\r\n\t\t\r\n\t\t\t<div class=\"top-title\">\r\n\t\t\t\tWe optimize processes and design the future today.\r\n\t\t\t<\/div>\r\n\t\t<h2 class=\"title\" style=\"\t\t\tfont-size: 30px;\t\t\tfont-weight: 500;\t\t\tline-height: 48px;\t\t\tcolor: #111111;\t\t\tmargin-bottom: 2px;\t\t\tletter-spacing: 0px;\t\t\">\r\n\t\t\tMisyonumuz\r\n\t\t<\/h2>\t\r\n\t\t<div class=\"title-line\"><\/div>\t\t\t\r\n\t\t\r\n\t\t\t<div class=\"title-content\" style=\"\t\t\tfont-size: 15px;\t\t\tline-height: 200%;\t\t\tcolor: #999999;\t\t\tfont-weight: 400;\t\t\tletter-spacing: 0px;\t\t\">\r\n\t\t\t\t<p>Zekros M\u00fchendislik olarak misyonumuz; kurumlara \u00f6zel yaz\u0131l\u0131m geli\u015ftirme, end\u00fcstriyel otomasyon sistemleri ve enerji teknolojileri alanlar\u0131nda dijital d\u00f6n\u00fc\u015f\u00fcm s\u00fcre\u00e7lerine rehberlik etmek, yapay zek\u00e2 odakl\u0131 s\u00fcrd\u00fcr\u00fclebilir \u00e7\u00f6z\u00fcmlerle i\u015f ortaklar\u0131m\u0131za katma de\u011fer sa\u011flamakt\u0131r.<\/p>\n\r\n\t\t\t<\/div>\r\n\r\n\t<\/div>\r\n\t\t<div class=\"themesflat-spacer\" data-desktop=\"34\" data-mobile=\"40\" data-smobile=\"30\">\t\t\t\r\n\t\t<\/div><div class=\"vc_row wpb_row vc_inner vc_row-fluid\"><div class=\"wpb_column vc_column_container vc_col-sm-6\"><div class=\"vc_column-inner\"><div class=\"wpb_wrapper\"><div class=\"themesflat_iconbox themesflat_hover  inline-left style3 transparent themesflat_1524105639\" >\r\n\t\t\r\n\t\t\r\n\t\t\r\n\t\t<div class=\"iconbox-content\" style=\"\t\t\ttext-align: left;\t\t\">\r\n\t\t\t<h4 class=\"title\" style=\"font-size: 19px;font-weight: 500;color: #111111\">\r\n\t\t\t\t<a href=\"#\" style=\"font-size: 19px;font-weight: 500;color: #111111\">Yaz\u0131l\u0131m Geli\u015ftirme<\/a>\r\n\t\t\t<\/h4>\r\n\t\t\t\r\n\t\t\t<p>End\u00fcstriyel ve kurumsal s\u00fcre\u00e7lere \u00f6zel, \u00f6l\u00e7eklenebilir ve g\u00fcvenli yaz\u0131l\u0131m \u00e7\u00f6z\u00fcmleri tasarl\u0131yor ve geli\u015ftiriyoruz.<\/p>\n\r\n\t\t\t\r\n\t\t\t\t<p><a class=\"themesflat-button no-background\" href=\"#\">Learn More<i class=\"readmore-icon\"><\/i><\/a><\/p>\r\n\t\t<\/div>\r\n\t<\/div>\r\n\t\t<div class=\"themesflat-spacer\" data-desktop=\"40\" data-mobile=\"40\" data-smobile=\"30\">\t\t\t\r\n\t\t<\/div><div class=\"themesflat_iconbox themesflat_hover  inline-left style3 transparent themesflat_1524105639\" >\r\n\t\t\r\n\t\t\r\n\t\t\r\n\t\t<div class=\"iconbox-content\" style=\"\t\t\ttext-align: left;\t\t\">\r\n\t\t\t<h4 class=\"title\" style=\"font-size: 19px;font-weight: 500;color: #111111\">\r\n\t\t\t\t<a href=\"#\" style=\"font-size: 19px;font-weight: 500;color: #111111\">End\u00fcstriyel Otomasyon Sistemleri<\/a>\r\n\t\t\t<\/h4>\r\n\t\t\t\r\n\t\t\t<p>PLC, SCADA ve HMI tabanl\u0131 kontrol sistemleriyle \u00fcretim hatlar\u0131n\u0131 daha ak\u0131ll\u0131 ve verimli hale getiriyoruz.<\/p>\n\r\n\t\t\t\r\n\t\t\t\t<p><a class=\"themesflat-button no-background\" href=\"#\">Learn More<i class=\"readmore-icon\"><\/i><\/a><\/p>\r\n\t\t<\/div>\r\n\t<\/div>\r\n\t\t<div class=\"themesflat-spacer\" data-desktop=\"0\" data-mobile=\"30\" data-smobile=\"30\">\t\t\t\r\n\t\t<\/div><\/div><\/div><\/div><div class=\"wpb_column vc_column_container vc_col-sm-6\"><div class=\"vc_column-inner\"><div class=\"wpb_wrapper\"><div class=\"themesflat_iconbox themesflat_hover  inline-left style3 transparent themesflat_1524105639\" >\r\n\t\t\r\n\t\t\r\n\t\t\r\n\t\t<div class=\"iconbox-content\" style=\"\t\t\ttext-align: left;\t\t\">\r\n\t\t\t<h4 class=\"title\" style=\"font-size: 19px;font-weight: 500;color: #111111\">\r\n\t\t\t\t<a href=\"#\" style=\"font-size: 19px;font-weight: 500;color: #111111\">Yapay Zek\u00e2 ve AIoT Entegrasyonu<\/a>\r\n\t\t\t<\/h4>\r\n\t\t\t\r\n\t\t\t<p>Sens\u00f6r verilerinden anlam \u00e7\u0131karan, kestirimci bak\u0131m ve ak\u0131ll\u0131 kontrol sa\u011flayan yapay zek\u00e2 destekli \u00e7\u00f6z\u00fcmler geli\u015ftiriyoruz.<\/p>\n\r\n\t\t\t\r\n\t\t\t\t<p><a class=\"themesflat-button no-background\" href=\"#\">Learn More<i class=\"readmore-icon\"><\/i><\/a><\/p>\r\n\t\t<\/div>\r\n\t<\/div>\r\n\t\t<div class=\"themesflat-spacer\" data-desktop=\"40\" data-mobile=\"40\" data-smobile=\"30\">\t\t\t\r\n\t\t<\/div><div class=\"themesflat_iconbox themesflat_hover  inline-left style3 transparent themesflat_1524105639\" >\r\n\t\t\r\n\t\t\r\n\t\t\r\n\t\t<div class=\"iconbox-content\" style=\"\t\t\ttext-align: left;\t\t\">\r\n\t\t\t<h4 class=\"title\" style=\"font-size: 19px;font-weight: 500;color: #111111\">\r\n\t\t\t\t<a href=\"#\" style=\"font-size: 19px;font-weight: 500;color: #111111\">Dijital D\u00f6n\u00fc\u015f\u00fcm ve End\u00fcstri 4.0 Dan\u0131\u015fmanl\u0131\u011f\u0131<\/a>\r\n\t\t\t<\/h4>\r\n\t\t\t\r\n\t\t\t<p>Firmalar\u0131n dijitalle\u015fme yolculu\u011funa stratejik rehberlik ediyor, s\u00fcre\u00e7lerini dijital ikiz, model tabanl\u0131 m\u00fchendislik gibi yakla\u015f\u0131mlarla d\u00f6n\u00fc\u015ft\u00fcr\u00fcyoruz.<\/p>\n\r\n\t\t\t\r\n\t\t\t\t<p><a class=\"themesflat-button no-background\" href=\"#\">Learn More<i class=\"readmore-icon\"><\/i><\/a><\/p>\r\n\t\t<\/div>\r\n\t<\/div><\/div><\/div><\/div><\/div>\r\n\t\t<div class=\"themesflat-spacer\" data-desktop=\"76\" data-mobile=\"40\" data-smobile=\"30\">\t\t\t\r\n\t\t<\/div><\/div><\/div><\/div><\/div><div class=\"vc_row-full-width vc_clearfix\"><\/div><div class=\"vc_row wpb_row vc_row-fluid themesflat_1777570049\"><div class=\"row_overlay\" style=\"\"><\/div><div class=\"wpb_column vc_column_container vc_col-sm-12\"><div class=\"vc_column-inner\"><div class=\"wpb_wrapper\">\r\n\t\t<div class=\"themesflat-spacer\" data-desktop=\"90\" data-mobile=\"40\" data-smobile=\"30\">\t\t\t\r\n\t\t<\/div><\/div><\/div><\/div><\/div><div data-vc-full-width=\"true\" data-vc-full-width-init=\"false\" class=\"vc_row wpb_row vc_row-fluid themesflat_1524108338\"><div class=\"row_overlay\" style=\"\"><\/div><div class=\"wpb_column vc_column_container vc_col-sm-6\"><div class=\"vc_column-inner\"><div class=\"wpb_wrapper\">\n\t<div  class=\"wpb_single_image wpb_content_element vc_align_left wpb_content_element\">\n\t\t\n\t\t<figure class=\"wpb_wrapper vc_figure\">\n\t\t\t<div class=\"vc_single_image-wrapper   vc_box_border_grey\"><img loading=\"lazy\" decoding=\"async\" width=\"2007\" height=\"1000\" src=\"https:\/\/zekros.com\/wp-content\/uploads\/2018\/04\/map.png\" class=\"vc_single_image-img attachment-full\" alt=\"\" title=\"map\" srcset=\"https:\/\/zekros.com\/wp-content\/uploads\/2018\/04\/map.png 2007w, https:\/\/zekros.com\/wp-content\/uploads\/2018\/04\/map-600x299.png 600w, https:\/\/zekros.com\/wp-content\/uploads\/2018\/04\/map-300x149.png 300w, https:\/\/zekros.com\/wp-content\/uploads\/2018\/04\/map-1024x510.png 1024w, https:\/\/zekros.com\/wp-content\/uploads\/2018\/04\/map-768x383.png 768w, https:\/\/zekros.com\/wp-content\/uploads\/2018\/04\/map-1536x765.png 1536w\" sizes=\"auto, (max-width: 2007px) 100vw, 2007px\" \/><\/div>\n\t\t<\/figure>\n\t<\/div>\n\r\n\t\t<div class=\"themesflat-spacer\" data-desktop=\"0\" data-mobile=\"30\" data-smobile=\"30\">\t\t\t\r\n\t\t<\/div><\/div><\/div><\/div><div class=\"wpb_column vc_column_container vc_col-sm-1\"><div class=\"vc_column-inner\"><div class=\"wpb_wrapper\"><\/div><\/div><\/div><div class=\"wpb_column vc_column_container vc_col-sm-5\"><div class=\"vc_column-inner\"><div class=\"wpb_wrapper\"><div class=\"title-section   left\">\r\n\t\t\r\n\t\t<h2 class=\"title\" style=\"\t\t\tfont-size: 25px;\t\t\tfont-weight: 500;\t\t\tline-height: 40px;\t\t\tcolor: #111111;\t\t\tmargin-bottom: 2px;\t\t\tletter-spacing: 0px;\t\t\">\r\n\t\t\tD\u00fcnyan\u0131n Her Yerindeyiz\r\n\t\t<\/h2>\t\r\n\t\t<div class=\"title-line\"><\/div>\t\t\t\r\n\t\t\r\n\t\t\t<div class=\"title-content\" style=\"\t\t\tfont-size: 15px;\t\t\tline-height: 26px;\t\t\tcolor: #999999;\t\t\tfont-weight: 400;\t\t\tletter-spacing: 0px;\t\t\">\r\n\t\t\t\t<p data-start=\"133\" data-end=\"466\">Zekros M\u00fchendislik olarak, farkl\u0131 co\u011frafyalarda hayata ge\u00e7irdi\u011fimiz projelerle d\u00fcnya genelinde g\u00fcvenilir bir \u00e7\u00f6z\u00fcm orta\u011f\u0131 olman\u0131n gururunu ya\u015f\u0131yoruz.<br data-start=\"312\" data-end=\"315\" \/>Bug\u00fcne kadar t\u00fcm k\u0131talarda edindi\u011fimiz tecr\u00fcbeyle, k\u00fcresel \u00f6l\u00e7ekte hizmet sunuyor; nerede olursan\u0131z olun, m\u00fchendislik g\u00fcc\u00fcm\u00fczle yan\u0131n\u0131zda yer al\u0131yoruz.<\/p>\n<p data-start=\"133\" data-end=\"466\"><a href=\"https:\/\/zekros.com\/en\/contact\/\">Contact Us<\/a><\/p>\n\r\n\t\t\t<\/div>\r\n\r\n\t<\/div>\r\n\t\t<div class=\"themesflat-spacer\" data-desktop=\"90\" data-mobile=\"40\" data-smobile=\"30\">\t\t\t\r\n\t\t<\/div><\/div><\/div><\/div><\/div><div class=\"vc_row-full-width vc_clearfix\"><\/div>\n<\/div>","protected":false},"excerpt":{"rendered":"Vizyonumuz Zekros M\u00fchendislik olarak vizyonumuz; s\u00fcrekli geli\u015fen teknoloji d\u00fcnyas\u0131nda, yapay zek\u00e2 destekli m\u00fchendislik \u00e7\u00f6z\u00fcmleriyle yaz\u0131l\u0131m ve end\u00fcstriyel otomasyon alanlar\u0131nda sekt\u00f6re y\u00f6n veren bir lider olmakt\u0131r. Farkl\u0131 sekt\u00f6rlerin ihtiya\u00e7lar\u0131n\u0131 analiz ederek, kurumlara \u00f6zel yaz\u0131l\u0131m geli\u015ftirme ve end\u00fcstriyel otomasyon projelerinde anahtar teslim \u00e7\u00f6z\u00fcmler sunar\u0131z. T\u00fcm i\u015f kollar\u0131m\u0131za entegre etti\u011fimiz yapay zek\u00e2 teknolojileri sayesinde, s\u00fcre\u00e7leri daha ak\u0131ll\u0131, esnek ve verimli [...]","protected":false},"author":3,"featured_media":0,"parent":0,"menu_order":0,"comment_status":"closed","ping_status":"closed","template":"tpl\/page_fullwidth.php","meta":{"footnotes":""},"class_list":["post-258","page","type-page","status-publish","hentry"],"yoast_head":"<!-- This site is optimized with the Yoast SEO plugin v25.3 - https:\/\/yoast.com\/wordpress\/plugins\/seo\/ -->\n<title>About - Zekros M\u00fchendislik<\/title>\n<meta name=\"robots\" content=\"index, follow, max-snippet:-1, max-image-preview:large, max-video-preview:-1\" \/>\n<link rel=\"canonical\" href=\"https:\/\/zekros-8b8a29.ingress-alpha.ewp.live\/about\/\" \/>\n<meta property=\"og:locale\" content=\"en_US\" \/>\n<meta property=\"og:type\" content=\"article\" \/>\n<meta property=\"og:title\" content=\"About - Zekros M\u00fchendislik\" \/>\n<meta property=\"og:url\" content=\"https:\/\/zekros-8b8a29.ingress-alpha.ewp.live\/about\/\" \/>\n<meta property=\"og:site_name\" content=\"Zekros M\u00fchendislik\" \/>\n<meta property=\"article:modified_time\" content=\"2025-07-30T20:08:43+00:00\" \/>\n<meta name=\"twitter:card\" content=\"summary_large_image\" \/>\n<meta name=\"twitter:label1\" content=\"Est. reading time\" \/>\n\t<meta name=\"twitter:data1\" content=\"3 minutes\" \/>\n<script type=\"application\/ld+json\" class=\"yoast-schema-graph\">{\"@context\":\"https:\/\/schema.org\",\"@graph\":[{\"@type\":\"WebPage\",\"@id\":\"https:\/\/zekros-8b8a29.ingress-alpha.ewp.live\/about\/\",\"url\":\"https:\/\/zekros-8b8a29.ingress-alpha.ewp.live\/about\/\",\"name\":\"About - Zekros M\u00fchendislik\",\"isPartOf\":{\"@id\":\"https:\/\/zekros-8b8a29.ingress-alpha.ewp.live\/#website\"},\"datePublished\":\"2025-05-13T02:02:40+00:00\",\"dateModified\":\"2025-07-30T20:08:43+00:00\",\"breadcrumb\":{\"@id\":\"https:\/\/zekros-8b8a29.ingress-alpha.ewp.live\/about\/#breadcrumb\"},\"inLanguage\":\"en-US\",\"potentialAction\":[{\"@type\":\"ReadAction\",\"target\":[\"https:\/\/zekros-8b8a29.ingress-alpha.ewp.live\/about\/\"]}]},{\"@type\":\"BreadcrumbList\",\"@id\":\"https:\/\/zekros-8b8a29.ingress-alpha.ewp.live\/about\/#breadcrumb\",\"itemListElement\":[{\"@type\":\"ListItem\",\"position\":1,\"name\":\"Home\",\"item\":\"https:\/\/zekros.com\/\"},{\"@type\":\"ListItem\",\"position\":2,\"name\":\"About\"}]},{\"@type\":\"WebSite\",\"@id\":\"https:\/\/zekros-8b8a29.ingress-alpha.ewp.live\/#website\",\"url\":\"https:\/\/zekros-8b8a29.ingress-alpha.ewp.live\/\",\"name\":\"Zekros M\u00fchendislik\",\"description\":\"\",\"publisher\":{\"@id\":\"https:\/\/zekros-8b8a29.ingress-alpha.ewp.live\/#organization\"},\"potentialAction\":[{\"@type\":\"SearchAction\",\"target\":{\"@type\":\"EntryPoint\",\"urlTemplate\":\"https:\/\/zekros-8b8a29.ingress-alpha.ewp.live\/?s={search_term_string}\"},\"query-input\":{\"@type\":\"PropertyValueSpecification\",\"valueRequired\":true,\"valueName\":\"search_term_string\"}}],\"inLanguage\":\"en-US\"},{\"@type\":\"Organization\",\"@id\":\"https:\/\/zekros-8b8a29.ingress-alpha.ewp.live\/#organization\",\"name\":\"Zekros M\u00fchendislik\",\"url\":\"https:\/\/zekros-8b8a29.ingress-alpha.ewp.live\/\",\"logo\":{\"@type\":\"ImageObject\",\"inLanguage\":\"en-US\",\"@id\":\"https:\/\/zekros-8b8a29.ingress-alpha.ewp.live\/#\/schema\/logo\/image\/\",\"url\":\"https:\/\/zekros.com\/wp-content\/uploads\/2025\/07\/WhatsApp-Image-2025-07-05-at-15.jpg\",\"contentUrl\":\"https:\/\/zekros.com\/wp-content\/uploads\/2025\/07\/WhatsApp-Image-2025-07-05-at-15.jpg\",\"width\":190,\"height\":51,\"caption\":\"Zekros M\u00fchendislik\"},\"image\":{\"@id\":\"https:\/\/zekros-8b8a29.ingress-alpha.ewp.live\/#\/schema\/logo\/image\/\"},\"sameAs\":[\"https:\/\/www.linkedin.com\/company\/zekros\/?viewAsMember=true\"]}]}<\/script>\n<!-- \/ Yoast SEO plugin. -->","yoast_head_json":{"title":"About - Zekros M\u00fchendislik","robots":{"index":"index","follow":"follow","max-snippet":"max-snippet:-1","max-image-preview":"max-image-preview:large","max-video-preview":"max-video-preview:-1"},"canonical":"https:\/\/zekros-8b8a29.ingress-alpha.ewp.live\/about\/","og_locale":"en_US","og_type":"article","og_title":"About - Zekros M\u00fchendislik","og_url":"https:\/\/zekros-8b8a29.ingress-alpha.ewp.live\/about\/","og_site_name":"Zekros M\u00fchendislik","article_modified_time":"2025-07-30T20:08:43+00:00","twitter_card":"summary_large_image","twitter_misc":{"Est. reading time":"3 minutes"},"schema":{"@context":"https:\/\/schema.org","@graph":[{"@type":"WebPage","@id":"https:\/\/zekros-8b8a29.ingress-alpha.ewp.live\/about\/","url":"https:\/\/zekros-8b8a29.ingress-alpha.ewp.live\/about\/","name":"About - Zekros M\u00fchendislik","isPartOf":{"@id":"https:\/\/zekros-8b8a29.ingress-alpha.ewp.live\/#website"},"datePublished":"2025-05-13T02:02:40+00:00","dateModified":"2025-07-30T20:08:43+00:00","breadcrumb":{"@id":"https:\/\/zekros-8b8a29.ingress-alpha.ewp.live\/about\/#breadcrumb"},"inLanguage":"en-US","potentialAction":[{"@type":"ReadAction","target":["https:\/\/zekros-8b8a29.ingress-alpha.ewp.live\/about\/"]}]},{"@type":"BreadcrumbList","@id":"https:\/\/zekros-8b8a29.ingress-alpha.ewp.live\/about\/#breadcrumb","itemListElement":[{"@type":"ListItem","position":1,"name":"Home","item":"https:\/\/zekros.com\/"},{"@type":"ListItem","position":2,"name":"About"}]},{"@type":"WebSite","@id":"https:\/\/zekros-8b8a29.ingress-alpha.ewp.live\/#website","url":"https:\/\/zekros-8b8a29.ingress-alpha.ewp.live\/","name":"Zekros M\u00fchendislik","description":"","publisher":{"@id":"https:\/\/zekros-8b8a29.ingress-alpha.ewp.live\/#organization"},"potentialAction":[{"@type":"SearchAction","target":{"@type":"EntryPoint","urlTemplate":"https:\/\/zekros-8b8a29.ingress-alpha.ewp.live\/?s={search_term_string}"},"query-input":{"@type":"PropertyValueSpecification","valueRequired":true,"valueName":"search_term_string"}}],"inLanguage":"en-US"},{"@type":"Organization","@id":"https:\/\/zekros-8b8a29.ingress-alpha.ewp.live\/#organization","name":"Zekros M\u00fchendislik","url":"https:\/\/zekros-8b8a29.ingress-alpha.ewp.live\/","logo":{"@type":"ImageObject","inLanguage":"en-US","@id":"https:\/\/zekros-8b8a29.ingress-alpha.ewp.live\/#\/schema\/logo\/image\/","url":"https:\/\/zekros.com\/wp-content\/uploads\/2025\/07\/WhatsApp-Image-2025-07-05-at-15.jpg","contentUrl":"https:\/\/zekros.com\/wp-content\/uploads\/2025\/07\/WhatsApp-Image-2025-07-05-at-15.jpg","width":190,"height":51,"caption":"Zekros M\u00fchendislik"},"image":{"@id":"https:\/\/zekros-8b8a29.ingress-alpha.ewp.live\/#\/schema\/logo\/image\/"},"sameAs":["https:\/\/www.linkedin.com\/company\/zekros\/?viewAsMember=true"]}]}},"_links":{"self":[{"href":"https:\/\/zekros.com\/en\/wp-json\/wp\/v2\/pages\/258","targetHints":{"allow":["GET"]}}],"collection":[{"href":"https:\/\/zekros.com\/en\/wp-json\/wp\/v2\/pages"}],"about":[{"href":"https:\/\/zekros.com\/en\/wp-json\/wp\/v2\/types\/page"}],"author":[{"embeddable":true,"href":"https:\/\/zekros.com\/en\/wp-json\/wp\/v2\/users\/3"}],"replies":[{"embeddable":true,"href":"https:\/\/zekros.com\/en\/wp-json\/wp\/v2\/comments?post=258"}],"version-history":[{"count":4,"href":"https:\/\/zekros.com\/en\/wp-json\/wp\/v2\/pages\/258\/revisions"}],"predecessor-version":[{"id":2315,"href":"https:\/\/zekros.com\/en\/wp-json\/wp\/v2\/pages\/258\/revisions\/2315"}],"wp:attachment":[{"href":"https:\/\/zekros.com\/en\/wp-json\/wp\/v2\/media?parent=258"}],"curies":[{"name":"wp","href":"https:\/\/api.w.org\/{rel}","templated":true}]}}