{"id":2448,"date":"2025-10-01T23:50:07","date_gmt":"2025-10-01T20:50:07","guid":{"rendered":"https:\/\/zekros.com\/?page_id=2448"},"modified":"2025-10-02T10:33:15","modified_gmt":"2025-10-02T07:33:15","slug":"kariyer","status":"publish","type":"page","link":"https:\/\/zekros.com\/en\/kariyer\/","title":{"rendered":"Career"},"content":{"rendered":"<div class=\"wpb-content-wrapper\"><div class=\"vc_row wpb_row vc_row-fluid themesflat_1777570083\"><div class=\"row_overlay\" style=\"\"><\/div><div class=\"wpb_column vc_column_container vc_col-sm-12\"><div class=\"vc_column-inner\"><div class=\"wpb_wrapper\">\n\t<div class=\"wpb_text_column wpb_content_element\" >\n\t\t<div class=\"wpb_wrapper\">\n\t\t\t<div class=\"forminator-ui forminator-custom-form forminator-custom-form-2447 forminator-design--default forminator-custom forminator_ajax\" data-forminator-render=\"0\" data-form=\"forminator-module-2447\" data-uid=\"69f366f42948e\"><br\/><\/div><form\n\t\t\t\tid=\"forminator-module-2447\"\n\t\t\t\tclass=\"forminator-ui forminator-custom-form forminator-custom-form-2447 forminator-design--default forminator-custom forminator_ajax\"\n\t\t\t\tmethod=\"post\"\n\t\t\t\tdata-forminator-render=\"0\"\n\t\t\t\tdata-form-id=\"2447\"\n\t\t\t\t\n\t\t\t\tdata-design=\"default\"\n\t\t\t\tdata-color-option=\"default\"\n\t\t\t\t\n\t\t\t\t\n\t\t\t\t\n\t\t\t\tdata-grid=\"custom\"\n\t\t\t\tenctype=\"multipart\/form-data\"\n\t\t\t\t\n\t\t\t\tstyle=\"display: none;\"\n\t\t\t\t\n\t\t\t\tdata-uid=\"69f366f42948e\" action=\"\"\n\t\t\t><div role=\"alert\" aria-live=\"polite\" class=\"forminator-response-message forminator-error\" aria-hidden=\"true\"><\/div><div class=\"forminator-row\"><div id=\"name-1\" class=\"forminator-field-name forminator-col forminator-col-12\"><div class=\"forminator-field\"><label for=\"forminator-field-name-1_69f366f42948e\" id=\"forminator-field-name-1_69f366f42948e-label\" class=\"forminator-label\">Name Surname <span class=\"forminator-required\">*<\/span><\/label><input type=\"text\" name=\"name-1\" value=\"\" placeholder=\"\" id=\"forminator-field-name-1_69f366f42948e\" class=\"forminator-input forminator-name--field\" aria-required=\"true\" \/><\/div><\/div><\/div><div class=\"forminator-row\"><div id=\"email-1\" class=\"forminator-field-email forminator-col forminator-col-6\"><div class=\"forminator-field\"><label for=\"forminator-field-email-1_69f366f42948e\" id=\"forminator-field-email-1_69f366f42948e-label\" class=\"forminator-label\">E-mail Adress<\/label><input type=\"email\" name=\"email-1\" value=\"\" placeholder=\"\" id=\"forminator-field-email-1_69f366f42948e\" class=\"forminator-input forminator-email--field\" data-required=\"\" aria-required=\"false\" \/><\/div><\/div><div id=\"phone-1\" class=\"forminator-field-phone forminator-col forminator-col-6\"><div class=\"forminator-field\"><label for=\"forminator-field-phone-1_69f366f42948e\" id=\"forminator-field-phone-1_69f366f42948e-label\" class=\"forminator-label\">Phone Number <span class=\"forminator-required\">*<\/span><\/label><input type=\"text\" name=\"phone-1\" value=\"\" placeholder=\"\" id=\"forminator-field-phone-1_69f366f42948e\" class=\"forminator-input forminator-field--phone\" data-required=\"1\" aria-required=\"true\" autocomplete=\"off\" \/><\/div><\/div><\/div><div class=\"forminator-row\"><div id=\"address-1\" class=\"forminator-field-address forminator-col forminator-col-12\"><div class=\"forminator-row\"><div id=\"address-1-street_address\" class=\"forminator-col\"><div class=\"forminator-field\"><label for=\"forminator-field-address-1-street_address_69f366f42948e\" id=\"forminator-field-address-1-street_address_69f366f42948e-label\" class=\"forminator-label\">A\u00e7\u0131k adres<\/label><input type=\"text\" name=\"address-1-street_address\" placeholder=\"\u00d6rn. \u0130stiklal Cad\" id=\"forminator-field-address-1-street_address_69f366f42948e\" class=\"forminator-input\" data-required=\"\" aria-required=\"false\" value=\"\" \/><\/div><\/div><\/div><div class=\"forminator-row\"><div id=\"address-1-address_line\" class=\"forminator-col\"><div class=\"forminator-field\"><label for=\"forminator-field-address-1-address_line_69f366f42948e\" id=\"forminator-field-address-1-address_line_69f366f42948e-label\" class=\"forminator-label\">Daire vb.<\/label><input type=\"text\" name=\"address-1-address_line\" placeholder=\"\" id=\"forminator-field-address-1-address_line_69f366f42948e\" class=\"forminator-input\" data-required=\"\" aria-required=\"false\" value=\"\" \/><\/div><\/div><\/div><div class=\"forminator-row\" data-multiple=\"true\"><div id=\"address-1-city\" class=\"forminator-col forminator-col-6\"><div class=\"forminator-field\"><label for=\"forminator-field-address-1-city_69f366f42948e\" id=\"forminator-field-address-1-city_69f366f42948e-label\" class=\"forminator-label\">\u0130l<\/label><input type=\"text\" name=\"address-1-city\" placeholder=\"\u00d6rn. \u0130zmir\" id=\"forminator-field-address-1-city_69f366f42948e\" class=\"forminator-input\" data-required=\"\" aria-required=\"false\" value=\"\" \/><\/div><\/div><div id=\"address-1-state\" class=\"forminator-col forminator-col-6\"><div class=\"forminator-field\"><label for=\"forminator-field-address-1-state_69f366f42948e\" id=\"forminator-field-address-1-state_69f366f42948e-label\" class=\"forminator-label\">\u00dclke<\/label><input type=\"text\" name=\"address-1-state\" placeholder=\"T\u00fcrkiye\" id=\"forminator-field-address-1-state_69f366f42948e\" class=\"forminator-input\" data-required=\"\" aria-required=\"false\" value=\"\" \/><\/div><\/div><\/div><\/div><\/div><div class=\"forminator-row\"><div id=\"upload-1\" class=\"forminator-field-upload forminator-col forminator-col-12\"><div class=\"forminator-field\"><label for=\"forminator-field-upload-1_69f366f42948e\" id=\"forminator-field-upload-1_69f366f42948e-label\" class=\"forminator-label\">Resume Upload<\/label><div class=\"forminator-file-upload\" data-element=\"upload-1_69f366f42948e\"><input type=\"file\" name=\"upload-1\" id=\"forminator-field-upload-1_69f366f42948e\" class=\"forminator-input-file\" accept=\".jpg,.jpeg,.jpe,.gif,.png,.bmp,.tiff,.tif,.webp,.ico,.heic,.asf,.asx,.wmv,.wmx,.wm,.avi,.divx,.flv,.mov,.qt,.mpeg,.mpg,.mpe,.mp4,.m4v,.ogv,.webm,.mkv,.3gp,.3gpp,.3g2,.3gp2,.txt,.asc,.c,.cc,.h,.srt,.csv,.tsv,.ics,.rtx,.vtt,.mp3,.m4a,.m4b,.aac,.ra,.ram,.wav,.ogg,.oga,.flac,.mid,.midi,.wma,.wax,.mka,.rtf,.pdf,.class,.tar,.zip,.gz,.gzip,.7z,.psd,.xcf,.doc,.pot,.pps,.ppt,.wri,.xla,.xls,.xlt,.xlw,.mdb,.mpp,.docx,.docm,.dotx,.dotm,.xlsx,.xlsm,.xlsb,.xltx,.xltm,.xlam,.pptx,.pptm,.ppsx,.ppsm,.potx,.potm,.ppam,.sldx,.sldm,.onetoc,.onetoc2,.onetmp,.onepkg,.oxps,.xps,.odt,.odp,.ods,.odg,.odc,.odb,.odf,.wp,.wpd,.key,.numbers,.pages\" tabindex=\"-1\"><button id=\"forminator-field-upload-1_69f366f42948e_button\" class=\"forminator-button forminator-button-upload\" data-id=\"forminator-field-upload-1_69f366f42948e\">Choose File<\/button><span data-empty-text=\"No file chosen\">No file chosen<\/span><button class=\"forminator-button-delete\" style=\"display: none;\"><i class=\"forminator-icon-close\" aria-hidden=\"true\"><\/i><span class=\"forminator-screen-reader-only\">Delete uploaded file<\/span><\/button><\/div><\/div><\/div><\/div><div class=\"forminator-row\"><div id=\"consent-1\" class=\"forminator-field-consent forminator-col forminator-col-12\"><div class=\"forminator-field\"><label for=\"forminator-field-consent-1_69f366f42948e\" id=\"forminator-field-consent-1_69f366f42948e-label\" class=\"forminator-label\">Onay <span class=\"forminator-required\">*<\/span><\/label><div class=\"forminator-checkbox__wrapper\"><label id=\"forminator-field-consent-1_69f366f42948e__label\" class=\"forminator-checkbox forminator-consent\" aria-labelledby=\"forminator-field-consent-1_69f366f42948e-label\" aria-hidden=\"true\"><input type=\"checkbox\" name=\"consent-1\" id=\"forminator-field-consent-1_69f366f42948e\" value=\"checked\" aria-labelledby=\"forminator-field-consent-1_69f366f42948e-label\" aria-describedby=\"forminator-field-consent-1_69f366f42948e__description\" data-required=\"true\" aria-required=\"true\" \/><span class=\"forminator-checkbox-box\" aria-hidden=\"true\"><\/span><\/label><div id=\"forminator-field-consent-1_69f366f42948e__description\" class=\"forminator-checkbox__label forminator-consent__label\"><p>Yukar\u0131da verdi\u011fim bilgilerin do\u011fru ve eksiksiz oldu\u011funu onayl\u0131yorum.<\/p><\/div><\/div><\/div><\/div><\/div><div class=\"forminator-row\"><div id=\"textarea-1\" class=\"forminator-field-textarea forminator-col forminator-col-12\"><div class=\"forminator-field\"><label for=\"forminator-field-textarea-1_69f366f42948e\" id=\"forminator-field-textarea-1_69f366f42948e-label\" class=\"forminator-label\">Not (varsa)<\/label><textarea name=\"textarea-1\" placeholder=\"\" id=\"forminator-field-textarea-1_69f366f42948e\" class=\"forminator-textarea\" rows=\"6\" style=\"min-height:140px;\" ><\/textarea><\/div><\/div><\/div><input type=\"hidden\" name=\"referer_url\" value=\"\" \/><div class=\"forminator-row forminator-row-last\"><div class=\"forminator-col\"><div class=\"forminator-field\"><button class=\"forminator-button forminator-button-submit\">Apply<\/button><\/div><\/div><\/div><input type=\"hidden\" id=\"forminator_nonce\" name=\"forminator_nonce\" value=\"fed01568fe\" \/><input type=\"hidden\" name=\"_wp_http_referer\" value=\"\/en\/wp-json\/wp\/v2\/pages\/2448\" \/><input type=\"hidden\" name=\"form_id\" value=\"2447\"><input type=\"hidden\" name=\"page_id\" value=\"2448\"><input type=\"hidden\" name=\"form_type\" value=\"default\"><input type=\"hidden\" name=\"current_url\" value=\"https:\/\/zekros.com\/en\/kariyer\/\"><input type=\"hidden\" name=\"render_id\" value=\"0\"><input type=\"hidden\" name=\"action\" value=\"forminator_submit_form_custom-forms\"><input type=\"hidden\" name=\"trp-form-language\" value=\"en\"\/><\/form>\n\n\t\t<\/div>\n\t<\/div>\n<\/div><\/div><\/div><\/div>\n<\/div>","protected":false},"excerpt":{"rendered":"Ad Soyad *E-posta AdresiTelefon Numaras\u0131 *A\u00e7\u0131k adresDaire vb.\u0130l\u00dclkeResume UploadChoose FileNo file chosenDelete uploaded fileOnay *Yukar\u0131da verdi\u011fim bilgilerin do\u011fru ve eksiksiz oldu\u011funu onayl\u0131yorum.Not (varsa)Apply","protected":false},"author":1,"featured_media":0,"parent":0,"menu_order":0,"comment_status":"closed","ping_status":"closed","template":"tpl\/page_fullwidth.php","meta":{"footnotes":""},"class_list":["post-2448","page","type-page","status-publish","hentry"],"yoast_head":"<!-- This site is optimized with the Yoast SEO plugin v25.3 - https:\/\/yoast.com\/wordpress\/plugins\/seo\/ -->\n<title>Kariyer - Zekros M\u00fchendislik<\/title>\n<meta name=\"robots\" content=\"index, follow, max-snippet:-1, max-image-preview:large, max-video-preview:-1\" \/>\n<link rel=\"canonical\" href=\"https:\/\/zekros.com\/en\/kariyer\/\" \/>\n<meta property=\"og:locale\" content=\"en_US\" \/>\n<meta property=\"og:type\" content=\"article\" \/>\n<meta property=\"og:title\" content=\"Kariyer - Zekros M\u00fchendislik\" \/>\n<meta property=\"og:url\" content=\"https:\/\/zekros.com\/en\/kariyer\/\" \/>\n<meta property=\"og:site_name\" content=\"Zekros M\u00fchendislik\" \/>\n<meta property=\"article:modified_time\" content=\"2025-10-02T07:33:15+00:00\" \/>\n<meta name=\"twitter:card\" content=\"summary_large_image\" \/>\n<meta name=\"twitter:label1\" content=\"Est. reading time\" \/>\n\t<meta name=\"twitter:data1\" content=\"1 minute\" \/>\n<script type=\"application\/ld+json\" class=\"yoast-schema-graph\">{\"@context\":\"https:\/\/schema.org\",\"@graph\":[{\"@type\":\"WebPage\",\"@id\":\"https:\/\/zekros.com\/kariyer\/\",\"url\":\"https:\/\/zekros.com\/kariyer\/\",\"name\":\"Kariyer - Zekros M\u00fchendislik\",\"isPartOf\":{\"@id\":\"https:\/\/zekros-8b8a29.ingress-alpha.ewp.live\/#website\"},\"datePublished\":\"2025-10-01T20:50:07+00:00\",\"dateModified\":\"2025-10-02T07:33:15+00:00\",\"breadcrumb\":{\"@id\":\"https:\/\/zekros.com\/kariyer\/#breadcrumb\"},\"inLanguage\":\"en-US\",\"potentialAction\":[{\"@type\":\"ReadAction\",\"target\":[\"https:\/\/zekros.com\/kariyer\/\"]}]},{\"@type\":\"BreadcrumbList\",\"@id\":\"https:\/\/zekros.com\/kariyer\/#breadcrumb\",\"itemListElement\":[{\"@type\":\"ListItem\",\"position\":1,\"name\":\"Home\",\"item\":\"https:\/\/zekros.com\/\"},{\"@type\":\"ListItem\",\"position\":2,\"name\":\"Kariyer\"}]},{\"@type\":\"WebSite\",\"@id\":\"https:\/\/zekros-8b8a29.ingress-alpha.ewp.live\/#website\",\"url\":\"https:\/\/zekros-8b8a29.ingress-alpha.ewp.live\/\",\"name\":\"Zekros M\u00fchendislik\",\"description\":\"\",\"publisher\":{\"@id\":\"https:\/\/zekros-8b8a29.ingress-alpha.ewp.live\/#organization\"},\"potentialAction\":[{\"@type\":\"SearchAction\",\"target\":{\"@type\":\"EntryPoint\",\"urlTemplate\":\"https:\/\/zekros-8b8a29.ingress-alpha.ewp.live\/?s={search_term_string}\"},\"query-input\":{\"@type\":\"PropertyValueSpecification\",\"valueRequired\":true,\"valueName\":\"search_term_string\"}}],\"inLanguage\":\"en-US\"},{\"@type\":\"Organization\",\"@id\":\"https:\/\/zekros-8b8a29.ingress-alpha.ewp.live\/#organization\",\"name\":\"Zekros M\u00fchendislik\",\"url\":\"https:\/\/zekros-8b8a29.ingress-alpha.ewp.live\/\",\"logo\":{\"@type\":\"ImageObject\",\"inLanguage\":\"en-US\",\"@id\":\"https:\/\/zekros-8b8a29.ingress-alpha.ewp.live\/#\/schema\/logo\/image\/\",\"url\":\"https:\/\/zekros.com\/wp-content\/uploads\/2025\/07\/WhatsApp-Image-2025-07-05-at-15.jpg\",\"contentUrl\":\"https:\/\/zekros.com\/wp-content\/uploads\/2025\/07\/WhatsApp-Image-2025-07-05-at-15.jpg\",\"width\":190,\"height\":51,\"caption\":\"Zekros M\u00fchendislik\"},\"image\":{\"@id\":\"https:\/\/zekros-8b8a29.ingress-alpha.ewp.live\/#\/schema\/logo\/image\/\"},\"sameAs\":[\"https:\/\/www.linkedin.com\/company\/zekros\/?viewAsMember=true\"]}]}<\/script>\n<!-- \/ Yoast SEO plugin. -->","yoast_head_json":{"title":"Kariyer - Zekros M\u00fchendislik","robots":{"index":"index","follow":"follow","max-snippet":"max-snippet:-1","max-image-preview":"max-image-preview:large","max-video-preview":"max-video-preview:-1"},"canonical":"https:\/\/zekros.com\/en\/kariyer\/","og_locale":"en_US","og_type":"article","og_title":"Kariyer - Zekros M\u00fchendislik","og_url":"https:\/\/zekros.com\/en\/kariyer\/","og_site_name":"Zekros M\u00fchendislik","article_modified_time":"2025-10-02T07:33:15+00:00","twitter_card":"summary_large_image","twitter_misc":{"Est. reading time":"1 minute"},"schema":{"@context":"https:\/\/schema.org","@graph":[{"@type":"WebPage","@id":"https:\/\/zekros.com\/kariyer\/","url":"https:\/\/zekros.com\/kariyer\/","name":"Kariyer - Zekros M\u00fchendislik","isPartOf":{"@id":"https:\/\/zekros-8b8a29.ingress-alpha.ewp.live\/#website"},"datePublished":"2025-10-01T20:50:07+00:00","dateModified":"2025-10-02T07:33:15+00:00","breadcrumb":{"@id":"https:\/\/zekros.com\/kariyer\/#breadcrumb"},"inLanguage":"en-US","potentialAction":[{"@type":"ReadAction","target":["https:\/\/zekros.com\/kariyer\/"]}]},{"@type":"BreadcrumbList","@id":"https:\/\/zekros.com\/kariyer\/#breadcrumb","itemListElement":[{"@type":"ListItem","position":1,"name":"Home","item":"https:\/\/zekros.com\/"},{"@type":"ListItem","position":2,"name":"Kariyer"}]},{"@type":"WebSite","@id":"https:\/\/zekros-8b8a29.ingress-alpha.ewp.live\/#website","url":"https:\/\/zekros-8b8a29.ingress-alpha.ewp.live\/","name":"Zekros M\u00fchendislik","description":"","publisher":{"@id":"https:\/\/zekros-8b8a29.ingress-alpha.ewp.live\/#organization"},"potentialAction":[{"@type":"SearchAction","target":{"@type":"EntryPoint","urlTemplate":"https:\/\/zekros-8b8a29.ingress-alpha.ewp.live\/?s={search_term_string}"},"query-input":{"@type":"PropertyValueSpecification","valueRequired":true,"valueName":"search_term_string"}}],"inLanguage":"en-US"},{"@type":"Organization","@id":"https:\/\/zekros-8b8a29.ingress-alpha.ewp.live\/#organization","name":"Zekros M\u00fchendislik","url":"https:\/\/zekros-8b8a29.ingress-alpha.ewp.live\/","logo":{"@type":"ImageObject","inLanguage":"en-US","@id":"https:\/\/zekros-8b8a29.ingress-alpha.ewp.live\/#\/schema\/logo\/image\/","url":"https:\/\/zekros.com\/wp-content\/uploads\/2025\/07\/WhatsApp-Image-2025-07-05-at-15.jpg","contentUrl":"https:\/\/zekros.com\/wp-content\/uploads\/2025\/07\/WhatsApp-Image-2025-07-05-at-15.jpg","width":190,"height":51,"caption":"Zekros M\u00fchendislik"},"image":{"@id":"https:\/\/zekros-8b8a29.ingress-alpha.ewp.live\/#\/schema\/logo\/image\/"},"sameAs":["https:\/\/www.linkedin.com\/company\/zekros\/?viewAsMember=true"]}]}},"_links":{"self":[{"href":"https:\/\/zekros.com\/en\/wp-json\/wp\/v2\/pages\/2448","targetHints":{"allow":["GET"]}}],"collection":[{"href":"https:\/\/zekros.com\/en\/wp-json\/wp\/v2\/pages"}],"about":[{"href":"https:\/\/zekros.com\/en\/wp-json\/wp\/v2\/types\/page"}],"author":[{"embeddable":true,"href":"https:\/\/zekros.com\/en\/wp-json\/wp\/v2\/users\/1"}],"replies":[{"embeddable":true,"href":"https:\/\/zekros.com\/en\/wp-json\/wp\/v2\/comments?post=2448"}],"version-history":[{"count":4,"href":"https:\/\/zekros.com\/en\/wp-json\/wp\/v2\/pages\/2448\/revisions"}],"predecessor-version":[{"id":2466,"href":"https:\/\/zekros.com\/en\/wp-json\/wp\/v2\/pages\/2448\/revisions\/2466"}],"wp:attachment":[{"href":"https:\/\/zekros.com\/en\/wp-json\/wp\/v2\/media?parent=2448"}],"curies":[{"name":"wp","href":"https:\/\/api.w.org\/{rel}","templated":true}]}}