{"id":1241,"date":"2018-05-14T03:24:37","date_gmt":"2018-05-14T03:24:37","guid":{"rendered":"https:\/\/redbizwp.themesflat.co\/?page_id=1241"},"modified":"2025-10-19T23:34:22","modified_gmt":"2025-10-19T20:34:22","slug":"urunler","status":"publish","type":"page","link":"https:\/\/zekros.com\/en\/urunler\/","title":{"rendered":"Our Products"},"content":{"rendered":"<div class=\"wpb-content-wrapper\"><div class=\"vc_row wpb_row vc_row-fluid themesflat_1777569642\"><div class=\"row_overlay\" style=\"\"><\/div><div class=\"wpb_column vc_column_container vc_col-sm-12\"><div class=\"vc_column-inner\"><div class=\"wpb_wrapper\"><\/div><\/div><\/div><\/div><div class=\"vc_row wpb_row vc_row-fluid themesflat_1777569642\"><div class=\"row_overlay\" style=\"\"><\/div><div class=\"wpb_column vc_column_container vc_col-sm-12\"><div class=\"vc_column-inner\"><div class=\"wpb_wrapper\"><div class=\"woocommerce columns-4\"><div class=\"products\">\n<li class=\"product type-product post-2293 status-publish first instock product_cat-endustriyel-ekipmanlar product_cat-siemens has-post-thumbnail downloadable shipping-taxable product-type-simple\">\n\t<a href=\"https:\/\/zekros.com\/en\/product\/cp-2014-central-processor\/\" class=\"woocommerce-LoopProduct-link woocommerce-loop-product__link\"><img loading=\"lazy\" decoding=\"async\" width=\"300\" height=\"300\" src=\"https:\/\/zekros.com\/wp-content\/uploads\/2025\/07\/admin-ajax-300x300.jpg\" class=\"attachment-woocommerce_thumbnail size-woocommerce_thumbnail\" alt=\"Siemens CP-2014 CENTRAL PROCESSOR\" srcset=\"https:\/\/zekros.com\/wp-content\/uploads\/2025\/07\/admin-ajax-300x300.jpg 300w, https:\/\/zekros.com\/wp-content\/uploads\/2025\/07\/admin-ajax-150x150.jpg 150w, https:\/\/zekros.com\/wp-content\/uploads\/2025\/07\/admin-ajax-768x768.jpg 768w, https:\/\/zekros.com\/wp-content\/uploads\/2025\/07\/admin-ajax-132x132.jpg 132w, https:\/\/zekros.com\/wp-content\/uploads\/2025\/07\/admin-ajax-750x750.jpg 750w, https:\/\/zekros.com\/wp-content\/uploads\/2025\/07\/admin-ajax-74x74.jpg 74w, https:\/\/zekros.com\/wp-content\/uploads\/2025\/07\/admin-ajax-600x600.jpg 600w, https:\/\/zekros.com\/wp-content\/uploads\/2025\/07\/admin-ajax-100x100.jpg 100w, https:\/\/zekros.com\/wp-content\/uploads\/2025\/07\/admin-ajax.jpg 800w\" sizes=\"auto, (max-width: 300px) 100vw, 300px\" \/><div class=\"themesflat_add_to_cart_button\"><a rel=\"nofollow\" href=\"https:\/\/zekros.com\/en\/product\/cp-2014-central-processor\/\" data-quantity=\"1\" data-product_id=\"2293\" data-product_sku=\"\" class=\"button product_type_simple\" data-no-translation=\"\" data-trp-gettext=\"\">Read more<\/a><\/div><h2 class=\"woocommerce-loop-product__title\">Siemens CP-2014 CENTRAL PROCESSOR<\/h2>\n<\/a><\/li>\n<li class=\"product type-product post-2345 status-publish instock product_cat-endustriyel-ekipmanlar product_cat-siemens product_tag-s7-1200 product_tag-siemens has-post-thumbnail downloadable shipping-taxable purchasable product-type-simple\">\n\t<a href=\"https:\/\/zekros.com\/en\/product\/siemens-s7-1214-dc-dc-dc\/\" class=\"woocommerce-LoopProduct-link woocommerce-loop-product__link\"><img loading=\"lazy\" decoding=\"async\" width=\"300\" height=\"300\" src=\"https:\/\/zekros.com\/wp-content\/uploads\/2025\/07\/6es7214-1ag40-0xb0-h1163-1346078-300x300.png\" class=\"attachment-woocommerce_thumbnail size-woocommerce_thumbnail\" alt=\"SIMATIC S7-1200, CPU 1214C, compact CPU, DC\/DC\/DC\" srcset=\"https:\/\/zekros.com\/wp-content\/uploads\/2025\/07\/6es7214-1ag40-0xb0-h1163-1346078-300x300.png 300w, https:\/\/zekros.com\/wp-content\/uploads\/2025\/07\/6es7214-1ag40-0xb0-h1163-1346078-150x150.png 150w, https:\/\/zekros.com\/wp-content\/uploads\/2025\/07\/6es7214-1ag40-0xb0-h1163-1346078-132x132.png 132w, https:\/\/zekros.com\/wp-content\/uploads\/2025\/07\/6es7214-1ag40-0xb0-h1163-1346078-750x750.png 750w, https:\/\/zekros.com\/wp-content\/uploads\/2025\/07\/6es7214-1ag40-0xb0-h1163-1346078-74x74.png 74w, https:\/\/zekros.com\/wp-content\/uploads\/2025\/07\/6es7214-1ag40-0xb0-h1163-1346078-100x100.png 100w\" sizes=\"auto, (max-width: 300px) 100vw, 300px\" \/><div class=\"themesflat_add_to_cart_button\"><a rel=\"nofollow\" href=\"?add-to-cart=2345\" data-quantity=\"1\" data-product_id=\"2345\" data-product_sku=\"\" class=\"button product_type_simple add_to_cart_button ajax_add_to_cart\" data-no-translation=\"\" data-trp-gettext=\"\">Add to cart<\/a><\/div><h2 class=\"woocommerce-loop-product__title\">SIMATIC S7-1200, CPU 1214C, compact CPU, DC\/DC\/DC<\/h2>\n\t<span class=\"price\"><span class=\"woocommerce-Price-amount amount\"><bdi><span class=\"woocommerce-Price-currencySymbol\">&#8378;<\/span>14.000,00<\/bdi><\/span><\/span>\n<\/a><\/li>\n<li class=\"product type-product post-2353 status-publish instock product_cat-endustriyel-ekipmanlar product_cat-rievtech has-post-thumbnail downloadable shipping-taxable product-type-simple\">\n\t<a href=\"https:\/\/zekros.com\/en\/product\/rievtech-pr-12ac-r-n\/\" class=\"woocommerce-LoopProduct-link woocommerce-loop-product__link\"><img loading=\"lazy\" decoding=\"async\" width=\"300\" height=\"300\" src=\"https:\/\/zekros.com\/wp-content\/uploads\/2025\/07\/PR-12AC-R-Nyouce-800-800-300x300.webp\" class=\"attachment-woocommerce_thumbnail size-woocommerce_thumbnail\" alt=\"Rievtech PR-12AC-R-N\" srcset=\"https:\/\/zekros.com\/wp-content\/uploads\/2025\/07\/PR-12AC-R-Nyouce-800-800-300x300.webp 300w, https:\/\/zekros.com\/wp-content\/uploads\/2025\/07\/PR-12AC-R-Nyouce-800-800-100x100.webp 100w, https:\/\/zekros.com\/wp-content\/uploads\/2025\/07\/PR-12AC-R-Nyouce-800-800-600x600.webp 600w, https:\/\/zekros.com\/wp-content\/uploads\/2025\/07\/PR-12AC-R-Nyouce-800-800-150x150.webp 150w, https:\/\/zekros.com\/wp-content\/uploads\/2025\/07\/PR-12AC-R-Nyouce-800-800-768x768.webp 768w, https:\/\/zekros.com\/wp-content\/uploads\/2025\/07\/PR-12AC-R-Nyouce-800-800-132x132.webp 132w, https:\/\/zekros.com\/wp-content\/uploads\/2025\/07\/PR-12AC-R-Nyouce-800-800-750x750.webp 750w, https:\/\/zekros.com\/wp-content\/uploads\/2025\/07\/PR-12AC-R-Nyouce-800-800-74x74.webp 74w, https:\/\/zekros.com\/wp-content\/uploads\/2025\/07\/PR-12AC-R-Nyouce-800-800.webp 800w\" sizes=\"auto, (max-width: 300px) 100vw, 300px\" \/><div class=\"themesflat_add_to_cart_button\"><a rel=\"nofollow\" href=\"https:\/\/zekros.com\/en\/product\/rievtech-pr-12ac-r-n\/\" data-quantity=\"1\" data-product_id=\"2353\" data-product_sku=\"\" class=\"button product_type_simple\" data-no-translation=\"\" data-trp-gettext=\"\">Read more<\/a><\/div><h2 class=\"woocommerce-loop-product__title\">Rievtech PR-12AC-R-N<\/h2>\n<\/a><\/li>\n<\/div>\n<\/div><\/div><\/div><\/div><\/div>\n<\/div>","protected":false},"excerpt":{"rendered":"Read moreSiemens CP-2014 CENTRAL PROCESSOR Add to cartSIMATIC S7-1200, CPU 1214C, compact CPU, DC\/DC\/DC &#8378;14.000,00 Read moreRievtech PR-12AC-R-N","protected":false},"author":3,"featured_media":0,"parent":0,"menu_order":0,"comment_status":"closed","ping_status":"closed","template":"","meta":{"footnotes":""},"class_list":["post-1241","page","type-page","status-publish","hentry"],"yoast_head":"<!-- This site is optimized with the Yoast SEO plugin v25.3 - https:\/\/yoast.com\/wordpress\/plugins\/seo\/ -->\n<title>\u00dcr\u00fcnler - Zekros M\u00fchendislik<\/title>\n<meta name=\"robots\" content=\"index, follow, max-snippet:-1, max-image-preview:large, max-video-preview:-1\" \/>\n<link rel=\"canonical\" href=\"https:\/\/zekros.com\/en\/urunler\/\" \/>\n<meta property=\"og:locale\" content=\"en_US\" \/>\n<meta property=\"og:type\" content=\"article\" \/>\n<meta property=\"og:title\" content=\"\u00dcr\u00fcnler - Zekros M\u00fchendislik\" \/>\n<meta property=\"og:url\" content=\"https:\/\/zekros.com\/en\/urunler\/\" \/>\n<meta property=\"og:site_name\" content=\"Zekros M\u00fchendislik\" \/>\n<meta property=\"article:modified_time\" content=\"2025-10-19T20:34:22+00:00\" \/>\n<meta name=\"twitter:card\" content=\"summary_large_image\" \/>\n<meta name=\"twitter:label1\" content=\"Est. reading time\" \/>\n\t<meta name=\"twitter:data1\" content=\"1 minute\" \/>\n<script type=\"application\/ld+json\" class=\"yoast-schema-graph\">{\"@context\":\"https:\/\/schema.org\",\"@graph\":[{\"@type\":\"WebPage\",\"@id\":\"https:\/\/zekros.com\/urunler\/\",\"url\":\"https:\/\/zekros.com\/urunler\/\",\"name\":\"\u00dcr\u00fcnler - Zekros M\u00fchendislik\",\"isPartOf\":{\"@id\":\"https:\/\/zekros-8b8a29.ingress-alpha.ewp.live\/#website\"},\"datePublished\":\"2018-05-14T03:24:37+00:00\",\"dateModified\":\"2025-10-19T20:34:22+00:00\",\"breadcrumb\":{\"@id\":\"https:\/\/zekros.com\/urunler\/#breadcrumb\"},\"inLanguage\":\"en-US\",\"potentialAction\":[{\"@type\":\"ReadAction\",\"target\":[\"https:\/\/zekros.com\/urunler\/\"]}]},{\"@type\":\"BreadcrumbList\",\"@id\":\"https:\/\/zekros.com\/urunler\/#breadcrumb\",\"itemListElement\":[{\"@type\":\"ListItem\",\"position\":1,\"name\":\"Home\",\"item\":\"https:\/\/zekros.com\/\"},{\"@type\":\"ListItem\",\"position\":2,\"name\":\"\u00dcr\u00fcnler\"}]},{\"@type\":\"WebSite\",\"@id\":\"https:\/\/zekros-8b8a29.ingress-alpha.ewp.live\/#website\",\"url\":\"https:\/\/zekros-8b8a29.ingress-alpha.ewp.live\/\",\"name\":\"Zekros M\u00fchendislik\",\"description\":\"\",\"publisher\":{\"@id\":\"https:\/\/zekros-8b8a29.ingress-alpha.ewp.live\/#organization\"},\"potentialAction\":[{\"@type\":\"SearchAction\",\"target\":{\"@type\":\"EntryPoint\",\"urlTemplate\":\"https:\/\/zekros-8b8a29.ingress-alpha.ewp.live\/?s={search_term_string}\"},\"query-input\":{\"@type\":\"PropertyValueSpecification\",\"valueRequired\":true,\"valueName\":\"search_term_string\"}}],\"inLanguage\":\"en-US\"},{\"@type\":\"Organization\",\"@id\":\"https:\/\/zekros-8b8a29.ingress-alpha.ewp.live\/#organization\",\"name\":\"Zekros M\u00fchendislik\",\"url\":\"https:\/\/zekros-8b8a29.ingress-alpha.ewp.live\/\",\"logo\":{\"@type\":\"ImageObject\",\"inLanguage\":\"en-US\",\"@id\":\"https:\/\/zekros-8b8a29.ingress-alpha.ewp.live\/#\/schema\/logo\/image\/\",\"url\":\"https:\/\/zekros.com\/wp-content\/uploads\/2025\/07\/WhatsApp-Image-2025-07-05-at-15.jpg\",\"contentUrl\":\"https:\/\/zekros.com\/wp-content\/uploads\/2025\/07\/WhatsApp-Image-2025-07-05-at-15.jpg\",\"width\":190,\"height\":51,\"caption\":\"Zekros M\u00fchendislik\"},\"image\":{\"@id\":\"https:\/\/zekros-8b8a29.ingress-alpha.ewp.live\/#\/schema\/logo\/image\/\"},\"sameAs\":[\"https:\/\/www.linkedin.com\/company\/zekros\/?viewAsMember=true\"]}]}<\/script>\n<!-- \/ Yoast SEO plugin. -->","yoast_head_json":{"title":"\u00dcr\u00fcnler - Zekros M\u00fchendislik","robots":{"index":"index","follow":"follow","max-snippet":"max-snippet:-1","max-image-preview":"max-image-preview:large","max-video-preview":"max-video-preview:-1"},"canonical":"https:\/\/zekros.com\/en\/urunler\/","og_locale":"en_US","og_type":"article","og_title":"\u00dcr\u00fcnler - Zekros M\u00fchendislik","og_url":"https:\/\/zekros.com\/en\/urunler\/","og_site_name":"Zekros M\u00fchendislik","article_modified_time":"2025-10-19T20:34:22+00:00","twitter_card":"summary_large_image","twitter_misc":{"Est. reading time":"1 minute"},"schema":{"@context":"https:\/\/schema.org","@graph":[{"@type":"WebPage","@id":"https:\/\/zekros.com\/urunler\/","url":"https:\/\/zekros.com\/urunler\/","name":"\u00dcr\u00fcnler - Zekros M\u00fchendislik","isPartOf":{"@id":"https:\/\/zekros-8b8a29.ingress-alpha.ewp.live\/#website"},"datePublished":"2018-05-14T03:24:37+00:00","dateModified":"2025-10-19T20:34:22+00:00","breadcrumb":{"@id":"https:\/\/zekros.com\/urunler\/#breadcrumb"},"inLanguage":"en-US","potentialAction":[{"@type":"ReadAction","target":["https:\/\/zekros.com\/urunler\/"]}]},{"@type":"BreadcrumbList","@id":"https:\/\/zekros.com\/urunler\/#breadcrumb","itemListElement":[{"@type":"ListItem","position":1,"name":"Home","item":"https:\/\/zekros.com\/"},{"@type":"ListItem","position":2,"name":"\u00dcr\u00fcnler"}]},{"@type":"WebSite","@id":"https:\/\/zekros-8b8a29.ingress-alpha.ewp.live\/#website","url":"https:\/\/zekros-8b8a29.ingress-alpha.ewp.live\/","name":"Zekros M\u00fchendislik","description":"","publisher":{"@id":"https:\/\/zekros-8b8a29.ingress-alpha.ewp.live\/#organization"},"potentialAction":[{"@type":"SearchAction","target":{"@type":"EntryPoint","urlTemplate":"https:\/\/zekros-8b8a29.ingress-alpha.ewp.live\/?s={search_term_string}"},"query-input":{"@type":"PropertyValueSpecification","valueRequired":true,"valueName":"search_term_string"}}],"inLanguage":"en-US"},{"@type":"Organization","@id":"https:\/\/zekros-8b8a29.ingress-alpha.ewp.live\/#organization","name":"Zekros M\u00fchendislik","url":"https:\/\/zekros-8b8a29.ingress-alpha.ewp.live\/","logo":{"@type":"ImageObject","inLanguage":"en-US","@id":"https:\/\/zekros-8b8a29.ingress-alpha.ewp.live\/#\/schema\/logo\/image\/","url":"https:\/\/zekros.com\/wp-content\/uploads\/2025\/07\/WhatsApp-Image-2025-07-05-at-15.jpg","contentUrl":"https:\/\/zekros.com\/wp-content\/uploads\/2025\/07\/WhatsApp-Image-2025-07-05-at-15.jpg","width":190,"height":51,"caption":"Zekros M\u00fchendislik"},"image":{"@id":"https:\/\/zekros-8b8a29.ingress-alpha.ewp.live\/#\/schema\/logo\/image\/"},"sameAs":["https:\/\/www.linkedin.com\/company\/zekros\/?viewAsMember=true"]}]}},"_links":{"self":[{"href":"https:\/\/zekros.com\/en\/wp-json\/wp\/v2\/pages\/1241","targetHints":{"allow":["GET"]}}],"collection":[{"href":"https:\/\/zekros.com\/en\/wp-json\/wp\/v2\/pages"}],"about":[{"href":"https:\/\/zekros.com\/en\/wp-json\/wp\/v2\/types\/page"}],"author":[{"embeddable":true,"href":"https:\/\/zekros.com\/en\/wp-json\/wp\/v2\/users\/3"}],"replies":[{"embeddable":true,"href":"https:\/\/zekros.com\/en\/wp-json\/wp\/v2\/comments?post=1241"}],"version-history":[{"count":5,"href":"https:\/\/zekros.com\/en\/wp-json\/wp\/v2\/pages\/1241\/revisions"}],"predecessor-version":[{"id":2441,"href":"https:\/\/zekros.com\/en\/wp-json\/wp\/v2\/pages\/1241\/revisions\/2441"}],"wp:attachment":[{"href":"https:\/\/zekros.com\/en\/wp-json\/wp\/v2\/media?parent=1241"}],"curies":[{"name":"wp","href":"https:\/\/api.w.org\/{rel}","templated":true}]}}